{"id":6427,"date":"2023-06-16T12:52:15","date_gmt":"2023-06-16T12:52:15","guid":{"rendered":"https:\/\/www.esperts.es\/?page_id=6427"},"modified":"2023-07-13T09:14:51","modified_gmt":"2023-07-13T09:14:51","slug":"conviertete-en-un-companero","status":"publish","type":"page","link":"https:\/\/www.esperts.es\/fr\/conviertete-en-un-companero\/","title":{"rendered":"Travaille avec nous!"},"content":{"rendered":"<section data-bb-version=\"4.5.6\" id=\"bt_bb_section69deba3ad194a\" class=\"bt_bb_section bt_bb_layout_boxed_1200 bt_bb_vertical_align_top bt_bb_bottom_section_coverage_image bt_bb_section_with_bottom_coverage_image bt_bb_top_spacing_extra_large bt_bb_bottom_spacing_medium\"  data-bt-override-class=\"{&quot;bt_bb_top_spacing_&quot;:{&quot;current_class&quot;:&quot;bt_bb_top_spacing_extra_large&quot;,&quot;xxl&quot;:&quot;extra_large&quot;},&quot;bt_bb_bottom_spacing_&quot;:{&quot;current_class&quot;:&quot;bt_bb_bottom_spacing_medium&quot;,&quot;xxl&quot;:&quot;medium&quot;}}\"><div class=\"bt_bb_background_image_holder_wrapper\"><div class=\"bt_bb_background_image_holder bt_bb_parallax\"  data-parallax=\"0.7\" data-parallax-offset=\"0\" data-parallax-zoom-start=\"1\" data-parallax-zoom-end=\"1\" data-parallax-blur-start=\"0\" data-parallax-blur-end=\"0\" data-parallax-opacity-start=\"1\" data-parallax-opacity-end=\"1\" style=\" background-image:url(&#039;https:\/\/www.esperts.es\/wp-content\/uploads\/2020\/09\/background_contact.png&#039;);\"><\/div><\/div><div class=\"bt_bb_port\"><div class=\"bt_bb_cell\"><div class=\"bt_bb_cell_inner\"><div class=\"bt_bb_row_wrapper\"><div  class=\"bt_bb_row\"  data-bt-override-class=\"{}\"><div  class=\"bt_bb_column col-xxl-6 col-xl-6 bt_bb_vertical_align_top bt_bb_align_left bt_bb_padding_normal bt_bb_animation_fade_in animate\"  data-width=\"6\" data-bt-override-class=\"{}\"><div class=\"bt_bb_column_content\"><div class=\"bt_bb_column_content_inner\"><header data-bb-version=\"4.5.6\" class=\"bt_bb_headline bt_bb_dash_none bt_bb_subheadline bt_bb_size_normal bt_bb_align_inherit\" data-bt-override-class=\"{&quot;bt_bb_size_&quot;:{&quot;current_class&quot;:&quot;bt_bb_size_normal&quot;,&quot;xxl&quot;:&quot;normal&quot;},&quot;bt_bb_align_&quot;:{&quot;current_class&quot;:&quot;bt_bb_align_inherit&quot;,&quot;xxl&quot;:&quot;inherit&quot;}}\"><h3 class=\"bt_bb_headline_tag\"><span class=\"bt_bb_headline_content\"><span>Travaille avec nous!<\/span><\/span><\/h3><div class=\"bt_bb_headline_subheadline\">Nous sommes impatients d'\u00e9largir notre \u00e9quipe et de conna\u00eetre le succ\u00e8s ensemble !<\/div><\/header><div data-bb-version=\"4.5.6\" class=\"bt_bb_separator bt_bb_border_style_none bt_bb_border_color_none bt_bb_top_spacing_none bt_bb_bottom_spacing_20\" data-bt-override-class=\"{&quot;bt_bb_top_spacing_&quot;:{&quot;current_class&quot;:&quot;bt_bb_top_spacing_none&quot;,&quot;xxl&quot;:&quot;none&quot;},&quot;bt_bb_bottom_spacing_&quot;:{&quot;current_class&quot;:&quot;bt_bb_bottom_spacing_20&quot;,&quot;xxl&quot;:&quot;20&quot;}}\"><\/div><div data-bb-version=\"4.5.6\" class=\"bt_bb_image bt_bb_shape_square bt_bb_target_self bt_bb_align_inherit bt_bb_hover_style_simple bt_bb_content_display_always bt_bb_content_align_middle\" data-bt-override-class=\"{&quot;bt_bb_align_&quot;:{&quot;current_class&quot;:&quot;bt_bb_align_inherit&quot;,&quot;xxl&quot;:&quot;inherit&quot;}}\"><span><img loading=\"lazy\" decoding=\"async\" width=\"1600\" height=\"1067\" src=\"https:\/\/www.esperts.es\/wp-content\/uploads\/2023\/01\/bigstock-Young-successful-colleagues-or-321145093.jpg\" class=\"attachment-full size-full\" alt=\"Young successful colleagues or business partners in smart casual shaking hands by workplace after making agreement about working points\" data-full_image_src=\"https:\/\/www.esperts.es\/wp-content\/uploads\/2023\/01\/bigstock-Young-successful-colleagues-or-321145093.jpg\" title=\"Young successful colleagues or business partners in smart casual\" srcset=\"https:\/\/www.esperts.es\/wp-content\/uploads\/2023\/01\/bigstock-Young-successful-colleagues-or-321145093.jpg 1600w, https:\/\/www.esperts.es\/wp-content\/uploads\/2023\/01\/bigstock-Young-successful-colleagues-or-321145093-600x400.jpg 600w, https:\/\/www.esperts.es\/wp-content\/uploads\/2023\/01\/bigstock-Young-successful-colleagues-or-321145093-640x427.jpg 640w, https:\/\/www.esperts.es\/wp-content\/uploads\/2023\/01\/bigstock-Young-successful-colleagues-or-321145093-1280x854.jpg 1280w, https:\/\/www.esperts.es\/wp-content\/uploads\/2023\/01\/bigstock-Young-successful-colleagues-or-321145093-768x512.jpg 768w, https:\/\/www.esperts.es\/wp-content\/uploads\/2023\/01\/bigstock-Young-successful-colleagues-or-321145093-1536x1024.jpg 1536w, https:\/\/www.esperts.es\/wp-content\/uploads\/2023\/01\/bigstock-Young-successful-colleagues-or-321145093-320x213.jpg 320w, https:\/\/www.esperts.es\/wp-content\/uploads\/2023\/01\/bigstock-Young-successful-colleagues-or-321145093-540x360.jpg 540w, https:\/\/www.esperts.es\/wp-content\/uploads\/2023\/01\/bigstock-Young-successful-colleagues-or-321145093-1080x720.jpg 1080w\" sizes=\"(max-width: 1600px) 100vw, 1600px\" \/><\/span><\/div><div data-bb-version=\"4.5.6\" class=\"bt_bb_separator bt_bb_border_style_none bt_bb_border_color_none bt_bb_top_spacing_none bt_bb_bottom_spacing_normal\" data-bt-override-class=\"{&quot;bt_bb_top_spacing_&quot;:{&quot;current_class&quot;:&quot;bt_bb_top_spacing_none&quot;,&quot;xxl&quot;:&quot;none&quot;},&quot;bt_bb_bottom_spacing_&quot;:{&quot;current_class&quot;:&quot;bt_bb_bottom_spacing_normal&quot;,&quot;xxl&quot;:&quot;normal&quot;}}\"><\/div><div data-bb-version=\"4.5.6\"  class=\"bt_bb_text\" ><p>Nous sommes \u00e0 la recherche de collaborateurs ind\u00e9pendants et d&#8217;agences de services existantes qui souhaitent collaborer avec nous. Notre entreprise dispose d&#8217;une large base de clients pour lesquels nous proposons divers services sur notre plateforme internet. En tant que partenaire sur place, vous seriez charg\u00e9 d&#8217;assurer le service de nos clients avec nos services. Il est donc important que vous ayez de bonnes connaissances en espagnol. Id\u00e9alement, vous ma\u00eetrisez \u00e9galement l&#8217;anglais, l&#8217;allemand ou le fran\u00e7ais pour assurer une communication optimale avec nos clients interm\u00e9di\u00e9s. De plus, il serait avantageux que vous puissiez parler espagnol lors des rendez-vous avec les autorit\u00e9s. Si vous \u00eates int\u00e9ress\u00e9 par une collaboration, veuillez remplir le formulaire ci-joint et nous envoyer vos coordonn\u00e9es. Nous vous contacterons ensuite pour discuter de plus amples d\u00e9tails.<\/p>\n<\/div><\/div><\/div><\/div><div data-bb-version=\"4.5.6\"  class=\"bt_bb_column col-xxl-6 col-xl-6 bt_bb_vertical_align_top bt_bb_align_left bt_bb_padding_60 bt_bb_animation_fade_in animate bt_bb_shape_rounded\"  data-width=\"6\" data-bt-override-class=\"{&quot;bt_bb_align_&quot;:{&quot;current_class&quot;:&quot;bt_bb_align_left&quot;,&quot;xxl&quot;:&quot;left&quot;},&quot;bt_bb_padding_&quot;:{&quot;current_class&quot;:&quot;bt_bb_padding_60&quot;,&quot;xxl&quot;:&quot;60&quot;}}\"><div class=\"bt_bb_column_content bt_bb_inner_color_scheme_11 bt_bb_inner_color_scheme_11\" style=\"; --column-inner-primary-color:#181818; --column-inner-secondary-color:#f7f7f5;\"><div class=\"bt_bb_column_content_inner\"><div class=\"bt_bb_separator bt_bb_border_style_none bt_bb_border_color_none bt_bb_bottom_spacing_medium\" data-bt-override-class=\"null\"><\/div><header data-bb-version=\"4.5.6\" class=\"bt_bb_headline bt_bb_dash_none bt_bb_superheadline bt_bb_size_medium bt_bb_align_inherit\" data-bt-override-class=\"{&quot;bt_bb_size_&quot;:{&quot;current_class&quot;:&quot;bt_bb_size_medium&quot;,&quot;xxl&quot;:&quot;medium&quot;},&quot;bt_bb_align_&quot;:{&quot;current_class&quot;:&quot;bt_bb_align_inherit&quot;,&quot;xxl&quot;:&quot;inherit&quot;}}\"><h4 class=\"bt_bb_headline_tag\"><span class=\"bt_bb_headline_superheadline\">CONTACTEZ-NOUS<\/span><span class=\"bt_bb_headline_content\"><span>Laissez-nous quelques informations et nous vous contacterons.<\/span><\/span><\/h4><\/header><div data-bb-version=\"4.5.6\" class=\"bt_bb_separator bt_bb_border_style_none bt_bb_border_color_none bt_bb_top_spacing_none bt_bb_bottom_spacing_normal\" data-bt-override-class=\"{&quot;bt_bb_top_spacing_&quot;:{&quot;current_class&quot;:&quot;bt_bb_top_spacing_none&quot;,&quot;xxl&quot;:&quot;none&quot;},&quot;bt_bb_bottom_spacing_&quot;:{&quot;current_class&quot;:&quot;bt_bb_bottom_spacing_normal&quot;,&quot;xxl&quot;:&quot;normal&quot;}}\"><\/div><div data-bb-version=\"4.5.6\"  class=\"bt_bb_text\" ><div class=\"wpforms-container wpforms-container-full wpforms-render-modern\" id=\"wpforms-6377\"><form id=\"wpforms-form-6377\" class=\"wpforms-validate wpforms-form wpforms-ajax-form\" data-formid=\"6377\" method=\"post\" enctype=\"multipart\/form-data\" action=\"\/fr\/wp-json\/wp\/v2\/pages\/6427\" data-token=\"6009d13d76995c6d011a03fe8874c093\"><noscript class=\"wpforms-error-noscript\">Please enable JavaScript in your browser to complete this form.<\/noscript><div class=\"wpforms-hidden\" id=\"wpforms-error-noscript\">Please enable JavaScript in your browser to complete this form.<\/div><div class=\"wpforms-field-container\"><div id=\"wpforms-6377-field_0-container\" class=\"wpforms-field wpforms-field-name\" data-field-id=\"0\"><fieldset><legend class=\"wpforms-field-label\">Nom <span class=\"wpforms-required-label\" aria-hidden=\"true\">*<\/span><\/legend><div class=\"wpforms-field-row wpforms-field-large\"><div class=\"wpforms-field-row-block wpforms-first wpforms-one-half\"><input type=\"text\" id=\"wpforms-6377-field_0\" class=\"wpforms-field-name-first wpforms-field-required\" name=\"wpforms[fields][0][first]\" aria-errormessage=\"wpforms-6377-field_0-error\" required><label for=\"wpforms-6377-field_0\" class=\"wpforms-field-sublabel after \">Pr\u00e9nom<\/label><\/div><div class=\"wpforms-field-row-block wpforms-one-half\"><input type=\"text\" id=\"wpforms-6377-field_0-last\" class=\"wpforms-field-name-last wpforms-field-required\" name=\"wpforms[fields][0][last]\" aria-errormessage=\"wpforms-6377-field_0-last-error\" required><label for=\"wpforms-6377-field_0-last\" class=\"wpforms-field-sublabel after \">Nom de famille<\/label><\/div><\/div><\/fieldset><\/div><div id=\"wpforms-6377-field_1-container\" class=\"wpforms-field wpforms-field-email\" data-field-id=\"1\"><label class=\"wpforms-field-label\" for=\"wpforms-6377-field_1\">Adresse e-mail <span class=\"wpforms-required-label\" aria-hidden=\"true\">*<\/span><\/label><input type=\"email\" id=\"wpforms-6377-field_1\" class=\"wpforms-field-large wpforms-field-required\" name=\"wpforms[fields][1]\" spellcheck=\"false\" aria-errormessage=\"wpforms-6377-field_1-error\" required><\/div><div id=\"wpforms-6377-field_2-container\" class=\"wpforms-field wpforms-field-textarea\" data-field-id=\"2\"><label class=\"wpforms-field-label\" for=\"wpforms-6377-field_2\">Commentaire ou message<\/label><textarea id=\"wpforms-6377-field_2\" class=\"wpforms-field-medium\" name=\"wpforms[fields][2]\" aria-errormessage=\"wpforms-6377-field_2-error\" ><\/textarea><\/div><div id=\"wpforms-6377-field_3-container\" class=\"wpforms-field wpforms-field-checkbox\" data-field-id=\"3\"><fieldset><legend class=\"wpforms-field-label\">Politiques de confidentialit\u00e9<\/legend><ul id=\"wpforms-6377-field_3\"><li class=\"choice-1 depth-1\"><input type=\"checkbox\" id=\"wpforms-6377-field_3_1\" name=\"wpforms[fields][3][]\" value=\"J&#039;ai lu et j&#039;accepte les &lt;a target=&quot;_blank&quot; href=&quot;https:\/\/www.esperts.es\/fr\/privacy-policy\/&quot;&gt;politiques de confidentialit\u00e9&lt;\/a&gt;\" aria-errormessage=\"wpforms-6377-field_3_1-error\" aria-describedby=\"wpforms-6377-field_3-description\"  ><label class=\"wpforms-field-label-inline\" for=\"wpforms-6377-field_3_1\">J'ai lu et j'accepte les <a target=\"_blank\" href=\"https:\/\/www.esperts.es\/fr\/privacy-policy\/\">politiques de confidentialit\u00e9<\/a><\/label><\/li><\/ul><div id=\"wpforms-6377-field_3-description\" class=\"wpforms-field-description\">Veuillez lire attentivement nos politiques de confidentialit\u00e9 avant d'envoyer le formulaire. En cochant la case ci-dessous, vous donnez votre consentement pour que vos donn\u00e9es personnelles soient collect\u00e9es et trait\u00e9es conform\u00e9ment \u00e0 nos politiques de confidentialit\u00e9.<\/div><\/fieldset><\/div><\/div><!-- .wpforms-field-container --><div class=\"wpforms-submit-container\" ><input type=\"hidden\" name=\"wpforms[id]\" value=\"6377\"><input type=\"hidden\" name=\"wpforms[author]\" value=\"1\"><button type=\"submit\" name=\"wpforms[submit]\" id=\"wpforms-submit-6377\" class=\"wpforms-submit\" data-alt-text=\"Envoi en cours ...\" data-submit-text=\"Envoyer\" aria-live=\"assertive\" value=\"wpforms-submit\">Envoyer<\/button><img loading=\"lazy\" decoding=\"async\" src=\"https:\/\/www.esperts.es\/wp-content\/plugins\/wpforms-lite\/assets\/images\/submit-spin.svg\" class=\"wpforms-submit-spinner\" style=\"display: none;\" width=\"26\" height=\"26\" alt=\"Loading\"><\/div><input type=\"hidden\" id=\"ct_checkjs_wpforms_58238e9ae2dd305d79c2ebc8c1883422\" name=\"ct_checkjs_wpforms\" value=\"0\" \/><script>setTimeout(function(){var ct_input_name = \"ct_checkjs_wpforms_58238e9ae2dd305d79c2ebc8c1883422\";if (document.getElementById(ct_input_name) !== null) {var ct_input_value = document.getElementById(ct_input_name).value;document.getElementById(ct_input_name).value = document.getElementById(ct_input_name).value.replace(ct_input_value, 'f09d28a902c2e2b40ad32d4397817df6d8d410e0dd58f131770a7f4996a2a0bc');}}, 1000);<\/script><input\n                    class=\"apbct_special_field apbct_email_id__wp_wpforms\"\n                    name=\"apbct__email_id__wp_wpforms\"\n                    aria-label=\"apbct__label_id__wp_wpforms\"\n                    type=\"text\" size=\"30\" maxlength=\"200\" autocomplete=\"off\"\n                    value=\"\"\n                \/><\/form><\/div>  <!-- .wpforms-container --><\/div><div class=\"bt_bb_separator bt_bb_border_style_none bt_bb_border_color_none bt_bb_bottom_spacing_medium\" data-bt-override-class=\"null\"><\/div><\/div><\/div><\/div><\/div><\/div><div class=\"bt_bb_row_wrapper\"><div  class=\"bt_bb_row\"  data-bt-override-class=\"{}\"><div  class=\"bt_bb_column col-xxl-12 col-xl-12 bt_bb_vertical_align_bottom bt_bb_align_center bt_bb_padding_normal bt_bb_animation_fade_in animate\"  data-width=\"12\" data-bt-override-class=\"{}\"><div class=\"bt_bb_column_content\"><div class=\"bt_bb_column_content_inner\"><div data-bb-version=\"4.5.6\" class=\"bt_bb_separator bt_bb_border_style_none bt_bb_border_color_none bt_bb_top_spacing_medium bt_bb_bottom_spacing_none\" data-bt-override-class=\"{&quot;bt_bb_top_spacing_&quot;:{&quot;current_class&quot;:&quot;bt_bb_top_spacing_medium&quot;,&quot;xxl&quot;:&quot;medium&quot;},&quot;bt_bb_bottom_spacing_&quot;:{&quot;current_class&quot;:&quot;bt_bb_bottom_spacing_none&quot;,&quot;xxl&quot;:&quot;none&quot;}}\"><\/div><header data-bb-version=\"4.5.6\" class=\"bt_bb_headline bt_bb_dash_none bt_bb_size_normal bt_bb_align_inherit\" style=\"max-width: 1100px;\" data-bt-override-class=\"{&quot;bt_bb_size_&quot;:{&quot;current_class&quot;:&quot;bt_bb_size_normal&quot;,&quot;xxl&quot;:&quot;normal&quot;},&quot;bt_bb_align_&quot;:{&quot;current_class&quot;:&quot;bt_bb_align_inherit&quot;,&quot;xxl&quot;:&quot;inherit&quot;}}\"><h2 class=\"bt_bb_headline_tag\"><span class=\"bt_bb_headline_content\"><span>Travaille avec nous! Nous recherchons des collaborateurs passionn\u00e9s et engag\u00e9s pour renforcer notre \u00e9quipe.<\/span><\/span><\/h2><\/header><div data-bb-version=\"4.5.6\" class=\"bt_bb_separator bt_bb_border_style_none bt_bb_border_color_none bt_bb_top_spacing_none bt_bb_bottom_spacing_extra_large\" data-bt-override-class=\"{&quot;bt_bb_top_spacing_&quot;:{&quot;current_class&quot;:&quot;bt_bb_top_spacing_none&quot;,&quot;xxl&quot;:&quot;none&quot;},&quot;bt_bb_bottom_spacing_&quot;:{&quot;current_class&quot;:&quot;bt_bb_bottom_spacing_extra_large&quot;,&quot;xxl&quot;:&quot;extra_large&quot;}}\"><\/div><div class=\"bt_bb_separator bt_bb_border_style_none bt_bb_border_color_none bt_bb_bottom_spacing_medium\" data-bt-override-class=\"null\"><\/div><\/div><\/div><\/div><\/div><\/div><\/div><!-- cell_inner --><\/div><!-- cell --><\/div><!-- port --><div class=\"bt_bb_section_bottom_section_coverage_image\"><img decoding=\"async\" src=\"https:\/\/www.esperts.es\/wp-content\/uploads\/2020\/08\/Wave_grey_bottom_left_shape_01.png\" alt=\"bt_bb_section_bottom_section_coverage_image\" \/><\/div><\/section>","protected":false},"excerpt":{"rendered":"","protected":false},"author":1,"featured_media":0,"parent":0,"menu_order":0,"comment_status":"closed","ping_status":"closed","template":"","meta":{"inline_featured_image":false,"footnotes":""},"_links":{"self":[{"href":"https:\/\/www.esperts.es\/fr\/wp-json\/wp\/v2\/pages\/6427"}],"collection":[{"href":"https:\/\/www.esperts.es\/fr\/wp-json\/wp\/v2\/pages"}],"about":[{"href":"https:\/\/www.esperts.es\/fr\/wp-json\/wp\/v2\/types\/page"}],"author":[{"embeddable":true,"href":"https:\/\/www.esperts.es\/fr\/wp-json\/wp\/v2\/users\/1"}],"replies":[{"embeddable":true,"href":"https:\/\/www.esperts.es\/fr\/wp-json\/wp\/v2\/comments?post=6427"}],"version-history":[{"count":12,"href":"https:\/\/www.esperts.es\/fr\/wp-json\/wp\/v2\/pages\/6427\/revisions"}],"predecessor-version":[{"id":8238,"href":"https:\/\/www.esperts.es\/fr\/wp-json\/wp\/v2\/pages\/6427\/revisions\/8238"}],"wp:attachment":[{"href":"https:\/\/www.esperts.es\/fr\/wp-json\/wp\/v2\/media?parent=6427"}],"curies":[{"name":"wp","href":"https:\/\/api.w.org\/{rel}","templated":true}]}}