{"id":6177,"date":"2018-09-10T12:48:22","date_gmt":"2018-09-10T12:48:22","guid":{"rendered":"https:\/\/www.esperts.es\/contacto\/"},"modified":"2023-08-17T16:24:39","modified_gmt":"2023-08-17T16:24:39","slug":"contacto","status":"publish","type":"page","link":"https:\/\/www.esperts.es\/fr\/contacto\/","title":{"rendered":"Contact"},"content":{"rendered":"<section data-bb-version=\"4.5.6\" id=\"bt_bb_section69debfec47913\" class=\"bt_bb_section bt_bb_layout_boxed_1200 bt_bb_vertical_align_top bt_bb_bottom_section_coverage_image bt_bb_section_with_bottom_coverage_image bt_bb_top_spacing_extra_large bt_bb_bottom_spacing_medium\"  data-bt-override-class=\"{&quot;bt_bb_top_spacing_&quot;:{&quot;current_class&quot;:&quot;bt_bb_top_spacing_extra_large&quot;,&quot;xxl&quot;:&quot;extra_large&quot;},&quot;bt_bb_bottom_spacing_&quot;:{&quot;current_class&quot;:&quot;bt_bb_bottom_spacing_medium&quot;,&quot;xxl&quot;:&quot;medium&quot;}}\"><div class=\"bt_bb_background_image_holder_wrapper\"><div class=\"bt_bb_background_image_holder bt_bb_parallax\"  data-parallax=\"0.7\" data-parallax-offset=\"0\" data-parallax-zoom-start=\"1\" data-parallax-zoom-end=\"1\" data-parallax-blur-start=\"0\" data-parallax-blur-end=\"0\" data-parallax-opacity-start=\"1\" data-parallax-opacity-end=\"1\" style=\" background-image:url(&#039;https:\/\/www.esperts.es\/wp-content\/uploads\/2020\/09\/background_contact.png&#039;);\"><\/div><\/div><div class=\"bt_bb_port\"><div class=\"bt_bb_cell\"><div class=\"bt_bb_cell_inner\"><div class=\"bt_bb_row_wrapper\"><div  class=\"bt_bb_row\"  data-bt-override-class=\"{}\"><div  class=\"bt_bb_column col-xxl-6 col-xl-6 bt_bb_vertical_align_top bt_bb_align_left bt_bb_padding_normal bt_bb_animation_fade_in animate\"  data-width=\"6\" data-bt-override-class=\"{}\"><div class=\"bt_bb_column_content\"><div class=\"bt_bb_column_content_inner\"><div class=\"bt_bb_separator bt_bb_border_style_none bt_bb_border_color_none bt_bb_bottom_spacing_medium\" data-bt-override-class=\"null\"><\/div><header data-bb-version=\"4.6.1\" class=\"bt_bb_headline bt_bb_dash_none bt_bb_superheadline bt_bb_size_normal bt_bb_align_inherit\" data-bt-override-class=\"{&quot;bt_bb_size_&quot;:{&quot;current_class&quot;:&quot;bt_bb_size_normal&quot;,&quot;xxl&quot;:&quot;normal&quot;},&quot;bt_bb_align_&quot;:{&quot;current_class&quot;:&quot;bt_bb_align_inherit&quot;,&quot;xxl&quot;:&quot;inherit&quot;,&quot;md&quot;:&quot;center&quot;,&quot;sm&quot;:&quot;center&quot;,&quot;xs&quot;:&quot;center&quot;}}\"><h3 class=\"bt_bb_headline_tag\"><span class=\"bt_bb_headline_superheadline\">COMMENT POUVONS-NOUS VOUS AIDER ?<\/span><span class=\"bt_bb_headline_content\"><span>Voici comment vous pouvez nous contacter<\/span><\/span><\/h3><\/header><div data-bb-version=\"4.6.1\" class=\"bt_bb_separator bt_bb_border_style_none bt_bb_border_color_none bt_bb_top_spacing_none bt_bb_bottom_spacing_normal\" data-bt-override-class=\"{&quot;bt_bb_top_spacing_&quot;:{&quot;current_class&quot;:&quot;bt_bb_top_spacing_none&quot;,&quot;xxl&quot;:&quot;none&quot;},&quot;bt_bb_bottom_spacing_&quot;:{&quot;current_class&quot;:&quot;bt_bb_bottom_spacing_normal&quot;,&quot;xxl&quot;:&quot;normal&quot;}}\"><\/div><div data-bb-version=\"4.6.1\"  class=\"bt_bb_text\" ><p>Si vous avez des <strong>questions<\/strong> sur nos produits ou avez besoin d&#8217;aide pour les <strong>utiliser<\/strong>, vous pouvez \u00e9tablir une <strong>connexion directe avec notre \u00e9quipe<\/strong> en utilisant les coordonn\u00e9es de contact fournies ci-dessous. Vos <strong>informations seront trait\u00e9es<\/strong> de mani\u00e8re confidentielle et en remplissant le <strong>formulaire<\/strong>, nous pouvons nous assurer que votre demande sera dirig\u00e9e vers le bon <strong>interlocuteur<\/strong>.<\/p>\n<\/div><div data-bb-version=\"4.6.1\" class=\"bt_bb_separator bt_bb_border_style_none bt_bb_border_color_none bt_bb_top_spacing_none bt_bb_bottom_spacing_normal\" data-bt-override-class=\"{&quot;bt_bb_top_spacing_&quot;:{&quot;current_class&quot;:&quot;bt_bb_top_spacing_none&quot;,&quot;xxl&quot;:&quot;none&quot;},&quot;bt_bb_bottom_spacing_&quot;:{&quot;current_class&quot;:&quot;bt_bb_bottom_spacing_normal&quot;,&quot;xxl&quot;:&quot;normal&quot;}}\"><\/div><header data-bb-version=\"4.6.1\" class=\"bt_bb_headline bt_bb_font_weight_normal bt_bb_color_scheme_3 bt_bb_dash_none bt_bb_superheadline bt_bb_size_large bt_bb_align_inherit\" style=\"; --headline-primary-color:#057485; --headline-secondary-color:#191919;\" data-bt-override-class=\"{&quot;bt_bb_size_&quot;:{&quot;current_class&quot;:&quot;bt_bb_size_large&quot;,&quot;xxl&quot;:&quot;large&quot;},&quot;bt_bb_align_&quot;:{&quot;current_class&quot;:&quot;bt_bb_align_inherit&quot;,&quot;xxl&quot;:&quot;inherit&quot;}}\"><h2 class=\"bt_bb_headline_tag\"><span class=\"bt_bb_headline_superheadline\">LIGNE DIRECTE<\/span><span class=\"bt_bb_headline_content\"><span>+34 - 652 527 033<\/span><\/span><\/h2><\/header><div data-bb-version=\"4.6.1\" class=\"bt_bb_separator bt_bb_border_style_none bt_bb_border_color_none bt_bb_top_spacing_none bt_bb_bottom_spacing_normal\" data-bt-override-class=\"{&quot;bt_bb_top_spacing_&quot;:{&quot;current_class&quot;:&quot;bt_bb_top_spacing_none&quot;,&quot;xxl&quot;:&quot;none&quot;},&quot;bt_bb_bottom_spacing_&quot;:{&quot;current_class&quot;:&quot;bt_bb_bottom_spacing_normal&quot;,&quot;xxl&quot;:&quot;normal&quot;}}\"><\/div><div class=\"bt_bb_row_wrapper\"><div  class=\"bt_bb_row_inner\"  data-bt-override-class=\"{}\"><div  class=\"bt_bb_column_inner col-xxl-12 col-xl-12 col-xs-12 col-sm-12 col-md-12 col-lg-12 bt_bb_align_left bt_bb_vertical_align_top\"  data-width=\"12\" data-bt-override-class=\"{}\"><div class=\"bt_bb_column_inner_content\"><header data-bb-version=\"4.6.1\" class=\"bt_bb_headline bt_bb_dash_none bt_bb_subtitle_style_regular bt_bb_superheadline bt_bb_subheadline bt_bb_size_small bt_bb_align_inherit\" data-bt-override-class=\"{&quot;bt_bb_size_&quot;:{&quot;current_class&quot;:&quot;bt_bb_size_small&quot;,&quot;xxl&quot;:&quot;small&quot;},&quot;bt_bb_align_&quot;:{&quot;current_class&quot;:&quot;bt_bb_align_inherit&quot;,&quot;xxl&quot;:&quot;inherit&quot;}}\"><h4 class=\"bt_bb_headline_tag\"><span class=\"bt_bb_headline_superheadline\">NOUS SOMMES DISPONIBLE<\/span><span class=\"bt_bb_headline_content\"><span>Heures de support<\/span><\/span><\/h4><div class=\"bt_bb_headline_subheadline\">Lundi - Vendredi<br \/>\r\nDe 9 h \u00e0 17 h<\/div><\/header><div class=\"bt_bb_separator bt_bb_border_style_none bt_bb_border_color_none bt_bb_bottom_spacing_medium\" data-bt-override-class=\"null\"><\/div><\/div><\/div><\/div><\/div><div class=\"bt_bb_row_wrapper\"><div  class=\"bt_bb_row_inner\"  data-bt-override-class=\"{}\"><div  class=\"bt_bb_column_inner col-xxl-12 col-xl-12 col-xs-12 col-sm-12 col-md-12 col-lg-12 bt_bb_align_left bt_bb_vertical_align_top\"  data-width=\"12\" data-bt-override-class=\"{}\"><div class=\"bt_bb_column_inner_content\"><header data-bb-version=\"4.6.1\" class=\"bt_bb_headline bt_bb_dash_none bt_bb_subtitle_style_regular bt_bb_superheadline bt_bb_subheadline bt_bb_size_small bt_bb_align_inherit\" data-bt-override-class=\"{&quot;bt_bb_size_&quot;:{&quot;current_class&quot;:&quot;bt_bb_size_small&quot;,&quot;xxl&quot;:&quot;small&quot;},&quot;bt_bb_align_&quot;:{&quot;current_class&quot;:&quot;bt_bb_align_inherit&quot;,&quot;xxl&quot;:&quot;inherit&quot;}}\"><h4 class=\"bt_bb_headline_tag\"><span class=\"bt_bb_headline_superheadline\">NOUS TROUVER<\/span><span class=\"bt_bb_headline_content\"><span>Notre emplacement<\/span><\/span><\/h4><div class=\"bt_bb_headline_subheadline\"><b>valideron - Consultor\u00eda Informatica S.L.<\/b><br \/>\r\nGran V\u00eda Fernando Cat\u00f3lico N\u00ba 5 - Pta. 8 - 46008 Valencia (Valencia)<\/div><\/header><div class=\"bt_bb_separator bt_bb_border_style_none bt_bb_border_color_none bt_bb_bottom_spacing_medium\" data-bt-override-class=\"null\"><\/div><\/div><\/div><\/div><\/div><header data-bb-version=\"4.6.1\" class=\"bt_bb_headline bt_bb_dash_none bt_bb_size_medium bt_bb_align_inherit\" data-bt-override-class=\"{&quot;bt_bb_size_&quot;:{&quot;current_class&quot;:&quot;bt_bb_size_medium&quot;,&quot;xxl&quot;:&quot;medium&quot;},&quot;bt_bb_align_&quot;:{&quot;current_class&quot;:&quot;bt_bb_align_inherit&quot;,&quot;xxl&quot;:&quot;inherit&quot;}}\"><h3 class=\"bt_bb_headline_tag\"><span class=\"bt_bb_headline_content\"><span>Suivez-nous sur les r\u00e9seaux sociaux<\/span><\/span><\/h3><\/header><div class=\"bt_bb_separator bt_bb_border_style_none bt_bb_border_color_none bt_bb_bottom_spacing_small\" data-bt-override-class=\"null\"><\/div><div data-bb-version=\"4.6.1\" class=\"bt_bb_icon bt_bb_color_scheme_6 bt_bb_style_filled bt_bb_size_large bt_bb_shape_circle bt_bb_target_blank bt_bb_text_empty bt_bb_align_inherit\" style=\"; --primary-color:#ffffff; --secondary-color:#057485;\" data-bt-override-class=\"{&quot;bt_bb_size_&quot;:{&quot;current_class&quot;:&quot;bt_bb_size_large&quot;,&quot;xxl&quot;:&quot;large&quot;},&quot;bt_bb_align_&quot;:{&quot;current_class&quot;:&quot;bt_bb_align_inherit&quot;,&quot;xxl&quot;:&quot;inherit&quot;}}\"><a href=\"https:\/\/www.facebook.com\/\"  target=\"_blank\"   data-ico-fontawesome=\"&#xf09a;\" class=\"bt_bb_icon_holder\"><\/a><\/div><div class=\"bt_bb_separator bt_bb_border_style_none bt_bb_border_color_none bt_bb_bottom_spacing_extra_small bt_bb_hidden_ms bt_bb_hidden_sm bt_bb_hidden_md bt_bb_hidden_lg\" data-bt-override-class=\"null\"><\/div><div data-bb-version=\"4.6.1\" class=\"bt_bb_icon bt_bb_color_scheme_6 bt_bb_style_filled bt_bb_size_large bt_bb_shape_circle bt_bb_target_blank bt_bb_text_empty bt_bb_align_inherit\" style=\"; --primary-color:#ffffff; --secondary-color:#057485;\" data-bt-override-class=\"{&quot;bt_bb_size_&quot;:{&quot;current_class&quot;:&quot;bt_bb_size_large&quot;,&quot;xxl&quot;:&quot;large&quot;},&quot;bt_bb_align_&quot;:{&quot;current_class&quot;:&quot;bt_bb_align_inherit&quot;,&quot;xxl&quot;:&quot;inherit&quot;}}\"><a href=\"https:\/\/www.instagram.com\/\"  target=\"_blank\"   data-ico-fontawesome=\"&#xf16d;\" class=\"bt_bb_icon_holder\"><\/a><\/div><div data-bb-version=\"4.6.1\" class=\"bt_bb_icon bt_bb_color_scheme_6 bt_bb_style_filled bt_bb_size_large bt_bb_shape_circle bt_bb_target_blank bt_bb_text_empty bt_bb_align_inherit\" style=\"; --primary-color:#ffffff; --secondary-color:#057485;\" data-bt-override-class=\"{&quot;bt_bb_size_&quot;:{&quot;current_class&quot;:&quot;bt_bb_size_large&quot;,&quot;xxl&quot;:&quot;large&quot;},&quot;bt_bb_align_&quot;:{&quot;current_class&quot;:&quot;bt_bb_align_inherit&quot;,&quot;xxl&quot;:&quot;inherit&quot;}}\"><a href=\"#\"  target=\"_blank\"   data-ico-fontawesome=\"&#xf0e1;\" class=\"bt_bb_icon_holder\"><\/a><\/div><div class=\"bt_bb_separator bt_bb_border_style_none bt_bb_border_color_none bt_bb_bottom_spacing_medium\" data-bt-override-class=\"null\"><\/div><\/div><\/div><\/div><div data-bb-version=\"4.5.6\"  class=\"bt_bb_column col-xxl-6 col-xl-6 bt_bb_vertical_align_top bt_bb_align_left bt_bb_padding_60 bt_bb_animation_fade_in animate bt_bb_shape_rounded\"  data-width=\"6\" data-bt-override-class=\"{&quot;bt_bb_align_&quot;:{&quot;current_class&quot;:&quot;bt_bb_align_left&quot;,&quot;xxl&quot;:&quot;left&quot;},&quot;bt_bb_padding_&quot;:{&quot;current_class&quot;:&quot;bt_bb_padding_60&quot;,&quot;xxl&quot;:&quot;60&quot;}}\"><div class=\"bt_bb_column_content bt_bb_inner_color_scheme_11 bt_bb_inner_color_scheme_11\" style=\"; --column-inner-primary-color:#181818; --column-inner-secondary-color:#f7f7f5;\"><div class=\"bt_bb_column_content_inner\"><div class=\"bt_bb_separator bt_bb_border_style_none bt_bb_border_color_none bt_bb_bottom_spacing_medium\" data-bt-override-class=\"null\"><\/div><header data-bb-version=\"4.5.6\" class=\"bt_bb_headline bt_bb_dash_none bt_bb_superheadline bt_bb_size_normal bt_bb_align_inherit\" data-bt-override-class=\"{&quot;bt_bb_size_&quot;:{&quot;current_class&quot;:&quot;bt_bb_size_normal&quot;,&quot;xxl&quot;:&quot;normal&quot;},&quot;bt_bb_align_&quot;:{&quot;current_class&quot;:&quot;bt_bb_align_inherit&quot;,&quot;xxl&quot;:&quot;inherit&quot;,&quot;md&quot;:&quot;center&quot;,&quot;sm&quot;:&quot;center&quot;,&quot;xs&quot;:&quot;center&quot;}}\"><h4 class=\"bt_bb_headline_tag\"><span class=\"bt_bb_headline_superheadline\">CONTACTEZ-NOUS<\/span><span class=\"bt_bb_headline_content\"><span>Laissez-nous quelques informations et nous vous contacterons.<\/span><\/span><\/h4><\/header><div class=\"bt_bb_separator bt_bb_border_style_none bt_bb_border_color_none bt_bb_bottom_spacing_medium\" data-bt-override-class=\"null\"><\/div><div data-bb-version=\"4.5.6\"  class=\"bt_bb_text\" ><div class=\"wpforms-container wpforms-container-full wpforms-render-modern\" id=\"wpforms-6377\"><form id=\"wpforms-form-6377\" class=\"wpforms-validate wpforms-form wpforms-ajax-form\" data-formid=\"6377\" method=\"post\" enctype=\"multipart\/form-data\" action=\"\/fr\/wp-json\/wp\/v2\/pages\/6177\" data-token=\"6009d13d76995c6d011a03fe8874c093\"><noscript class=\"wpforms-error-noscript\">Please enable JavaScript in your browser to complete this form.<\/noscript><div class=\"wpforms-hidden\" id=\"wpforms-error-noscript\">Please enable JavaScript in your browser to complete this form.<\/div><div class=\"wpforms-field-container\"><div id=\"wpforms-6377-field_0-container\" class=\"wpforms-field wpforms-field-name\" data-field-id=\"0\"><fieldset><legend class=\"wpforms-field-label\">Nom <span class=\"wpforms-required-label\" aria-hidden=\"true\">*<\/span><\/legend><div class=\"wpforms-field-row wpforms-field-large\"><div class=\"wpforms-field-row-block wpforms-first wpforms-one-half\"><input type=\"text\" id=\"wpforms-6377-field_0\" class=\"wpforms-field-name-first wpforms-field-required\" name=\"wpforms[fields][0][first]\" aria-errormessage=\"wpforms-6377-field_0-error\" required><label for=\"wpforms-6377-field_0\" class=\"wpforms-field-sublabel after \">Pr\u00e9nom<\/label><\/div><div class=\"wpforms-field-row-block wpforms-one-half\"><input type=\"text\" id=\"wpforms-6377-field_0-last\" class=\"wpforms-field-name-last wpforms-field-required\" name=\"wpforms[fields][0][last]\" aria-errormessage=\"wpforms-6377-field_0-last-error\" required><label for=\"wpforms-6377-field_0-last\" class=\"wpforms-field-sublabel after \">Nom de famille<\/label><\/div><\/div><\/fieldset><\/div><div id=\"wpforms-6377-field_1-container\" class=\"wpforms-field wpforms-field-email\" data-field-id=\"1\"><label class=\"wpforms-field-label\" for=\"wpforms-6377-field_1\">Adresse e-mail <span class=\"wpforms-required-label\" aria-hidden=\"true\">*<\/span><\/label><input type=\"email\" id=\"wpforms-6377-field_1\" class=\"wpforms-field-large wpforms-field-required\" name=\"wpforms[fields][1]\" spellcheck=\"false\" aria-errormessage=\"wpforms-6377-field_1-error\" required><\/div><div id=\"wpforms-6377-field_2-container\" class=\"wpforms-field wpforms-field-textarea\" data-field-id=\"2\"><label class=\"wpforms-field-label\" for=\"wpforms-6377-field_2\">Commentaire ou message<\/label><textarea id=\"wpforms-6377-field_2\" class=\"wpforms-field-medium\" name=\"wpforms[fields][2]\" aria-errormessage=\"wpforms-6377-field_2-error\" ><\/textarea><\/div><div id=\"wpforms-6377-field_3-container\" class=\"wpforms-field wpforms-field-checkbox\" data-field-id=\"3\"><fieldset><legend class=\"wpforms-field-label\">Politiques de confidentialit\u00e9<\/legend><ul id=\"wpforms-6377-field_3\"><li class=\"choice-1 depth-1\"><input type=\"checkbox\" id=\"wpforms-6377-field_3_1\" name=\"wpforms[fields][3][]\" value=\"J&#039;ai lu et j&#039;accepte les &lt;a target=&quot;_blank&quot; href=&quot;https:\/\/www.esperts.es\/fr\/privacy-policy\/&quot;&gt;politiques de confidentialit\u00e9&lt;\/a&gt;\" aria-errormessage=\"wpforms-6377-field_3_1-error\" aria-describedby=\"wpforms-6377-field_3-description\"  ><label class=\"wpforms-field-label-inline\" for=\"wpforms-6377-field_3_1\">J'ai lu et j'accepte les <a target=\"_blank\" href=\"https:\/\/www.esperts.es\/fr\/privacy-policy\/\">politiques de confidentialit\u00e9<\/a><\/label><\/li><\/ul><div id=\"wpforms-6377-field_3-description\" class=\"wpforms-field-description\">Veuillez lire attentivement nos politiques de confidentialit\u00e9 avant d'envoyer le formulaire. En cochant la case ci-dessous, vous donnez votre consentement pour que vos donn\u00e9es personnelles soient collect\u00e9es et trait\u00e9es conform\u00e9ment \u00e0 nos politiques de confidentialit\u00e9.<\/div><\/fieldset><\/div><\/div><!-- .wpforms-field-container --><div class=\"wpforms-submit-container\" ><input type=\"hidden\" name=\"wpforms[id]\" value=\"6377\"><input type=\"hidden\" name=\"wpforms[author]\" value=\"1\"><button type=\"submit\" name=\"wpforms[submit]\" id=\"wpforms-submit-6377\" class=\"wpforms-submit\" data-alt-text=\"Envoi en cours ...\" data-submit-text=\"Envoyer\" aria-live=\"assertive\" value=\"wpforms-submit\">Envoyer<\/button><img loading=\"lazy\" decoding=\"async\" src=\"https:\/\/www.esperts.es\/wp-content\/plugins\/wpforms-lite\/assets\/images\/submit-spin.svg\" class=\"wpforms-submit-spinner\" style=\"display: none;\" width=\"26\" height=\"26\" alt=\"Loading\"><\/div><input type=\"hidden\" id=\"ct_checkjs_wpforms_20aee3a5f4643755a79ee5f6a73050ac\" name=\"ct_checkjs_wpforms\" value=\"0\" \/><script>setTimeout(function(){var ct_input_name = \"ct_checkjs_wpforms_20aee3a5f4643755a79ee5f6a73050ac\";if (document.getElementById(ct_input_name) !== null) {var ct_input_value = document.getElementById(ct_input_name).value;document.getElementById(ct_input_name).value = document.getElementById(ct_input_name).value.replace(ct_input_value, 'f09d28a902c2e2b40ad32d4397817df6d8d410e0dd58f131770a7f4996a2a0bc');}}, 1000);<\/script><input\n                    class=\"apbct_special_field apbct_email_id__wp_wpforms\"\n                    name=\"apbct__email_id__wp_wpforms\"\n                    aria-label=\"apbct__label_id__wp_wpforms\"\n                    type=\"text\" size=\"30\" maxlength=\"200\" autocomplete=\"off\"\n                    value=\"\"\n                \/><\/form><\/div>  <!-- .wpforms-container --><\/div><div class=\"bt_bb_separator bt_bb_border_style_none bt_bb_border_color_none bt_bb_bottom_spacing_medium\" data-bt-override-class=\"null\"><\/div><\/div><\/div><\/div><\/div><\/div><div data-bb-version=\"4.5.6\" class=\"bt_bb_row_wrapper\"><div  class=\"bt_bb_row bt_bb_hidden_xs bt_bb_hidden_ms bt_bb_hidden_sm bt_bb_hidden_md bt_bb_hidden_lg bt_bb_hidden_xl\"  data-bt-override-class=\"{}\"><div  class=\"bt_bb_column col-xxl-12 col-xl-12 bt_bb_vertical_align_top bt_bb_align_left bt_bb_padding_normal\"  data-width=\"12\" data-bt-override-class=\"{}\"><div class=\"bt_bb_column_content\"><div class=\"bt_bb_column_content_inner\"><div class=\"bt_bb_separator bt_bb_border_style_none bt_bb_border_color_none bt_bb_bottom_spacing_100\" data-bt-override-class=\"null\"><\/div><div class=\"bt_bb_google_maps bt_bb_map bt_bb_map_type_interactive bt_bb_shape_round\" data-center=\"no\"><div class=\"bt_bb_google_maps_map bt_bb_map_map\" id=\"map_canvas69debfec4f478\" data-height=\"700\" data-api-key=\"AIzaSyBda9LxQ-Wztqsk6aFI7SkcdiypnKTPfiI\" data-map-type=\"interactive\" data-zoom=\"17\" data-init-finished=\"false\" data-custom-style=\"WwogICAgewogICAgICAgICJmZWF0dXJlVHlwZSI6ICJhZG1pbmlzdHJhdGl2ZS5sYW5kX3BhcmNlbCIsCiAgICAgICAgImVsZW1lbnRUeXBlIjogImFsbCIsCiAgICAgICAgInN0eWxlcnMiOiBbCiAgICAgICAgICAgIHsKICAgICAgICAgICAgICAgICJ2aXNpYmlsaXR5IjogIm9mZiIKICAgICAgICAgICAgfQogICAgICAgIF0KICAgIH0sCiAgICB7CiAgICAgICAgImZlYXR1cmVUeXBlIjogImxhbmRzY2FwZS5tYW5fbWFkZSIsCiAgICAgICAgImVsZW1lbnRUeXBlIjogImFsbCIsCiAgICAgICAgInN0eWxlcnMiOiBbCiAgICAgICAgICAgIHsKICAgICAgICAgICAgICAgICJ2aXNpYmlsaXR5IjogIm9mZiIKICAgICAgICAgICAgfQogICAgICAgIF0KICAgIH0sCiAgICB7CiAgICAgICAgImZlYXR1cmVUeXBlIjogInBvaSIsCiAgICAgICAgImVsZW1lbnRUeXBlIjogImxhYmVscyIsCiAgICAgICAgInN0eWxlcnMiOiBbCiAgICAgICAgICAgIHsKICAgICAgICAgICAgICAgICJ2aXNpYmlsaXR5IjogIm9mZiIKICAgICAgICAgICAgfQogICAgICAgIF0KICAgIH0sCiAgICB7CiAgICAgICAgImZlYXR1cmVUeXBlIjogInJvYWQiLAogICAgICAgICJlbGVtZW50VHlwZSI6ICJsYWJlbHMiLAogICAgICAgICJzdHlsZXJzIjogWwogICAgICAgICAgICB7CiAgICAgICAgICAgICAgICAidmlzaWJpbGl0eSI6ICJzaW1wbGlmaWVkIgogICAgICAgICAgICB9LAogICAgICAgICAgICB7CiAgICAgICAgICAgICAgICAibGlnaHRuZXNzIjogMjAKICAgICAgICAgICAgfQogICAgICAgIF0KICAgIH0sCiAgICB7CiAgICAgICAgImZlYXR1cmVUeXBlIjogInJvYWQuaGlnaHdheSIsCiAgICAgICAgImVsZW1lbnRUeXBlIjogImdlb21ldHJ5IiwKICAgICAgICAic3R5bGVycyI6IFsKICAgICAgICAgICAgewogICAgICAgICAgICAgICAgImh1ZSI6ICIjZjQ5OTM1IgogICAgICAgICAgICB9CiAgICAgICAgXQogICAgfSwKICAgIHsKICAgICAgICAiZmVhdHVyZVR5cGUiOiAicm9hZC5oaWdod2F5IiwKICAgICAgICAiZWxlbWVudFR5cGUiOiAibGFiZWxzIiwKICAgICAgICAic3R5bGVycyI6IFsKICAgICAgICAgICAgewogICAgICAgICAgICAgICAgInZpc2liaWxpdHkiOiAic2ltcGxpZmllZCIKICAgICAgICAgICAgfQogICAgICAgIF0KICAgIH0sCiAgICB7CiAgICAgICAgImZlYXR1cmVUeXBlIjogInJvYWQuYXJ0ZXJpYWwiLAogICAgICAgICJlbGVtZW50VHlwZSI6ICJnZW9tZXRyeSIsCiAgICAgICAgInN0eWxlcnMiOiBbCiAgICAgICAgICAgIHsKICAgICAgICAgICAgICAgICJodWUiOiAiI2ZhZDk1OSIKICAgICAgICAgICAgfQogICAgICAgIF0KICAgIH0sCiAgICB7CiAgICAgICAgImZlYXR1cmVUeXBlIjogInJvYWQuYXJ0ZXJpYWwiLAogICAgICAgICJlbGVtZW50VHlwZSI6ICJsYWJlbHMiLAogICAgICAgICJzdHlsZXJzIjogWwogICAgICAgICAgICB7CiAgICAgICAgICAgICAgICAidmlzaWJpbGl0eSI6ICJvZmYiCiAgICAgICAgICAgIH0KICAgICAgICBdCiAgICB9LAogICAgewogICAgICAgICJmZWF0dXJlVHlwZSI6ICJyb2FkLmxvY2FsIiwKICAgICAgICAiZWxlbWVudFR5cGUiOiAiZ2VvbWV0cnkiLAogICAgICAgICJzdHlsZXJzIjogWwogICAgICAgICAgICB7CiAgICAgICAgICAgICAgICAidmlzaWJpbGl0eSI6ICJzaW1wbGlmaWVkIgogICAgICAgICAgICB9CiAgICAgICAgXQogICAgfSwKICAgIHsKICAgICAgICAiZmVhdHVyZVR5cGUiOiAicm9hZC5sb2NhbCIsCiAgICAgICAgImVsZW1lbnRUeXBlIjogImxhYmVscyIsCiAgICAgICAgInN0eWxlcnMiOiBbCiAgICAgICAgICAgIHsKICAgICAgICAgICAgICAgICJ2aXNpYmlsaXR5IjogInNpbXBsaWZpZWQiCiAgICAgICAgICAgIH0KICAgICAgICBdCiAgICB9LAogICAgewogICAgICAgICJmZWF0dXJlVHlwZSI6ICJ0cmFuc2l0IiwKICAgICAgICAiZWxlbWVudFR5cGUiOiAiYWxsIiwKICAgICAgICAic3R5bGVycyI6IFsKICAgICAgICAgICAgewogICAgICAgICAgICAgICAgInZpc2liaWxpdHkiOiAib2ZmIgogICAgICAgICAgICB9CiAgICAgICAgXQogICAgfSwKICAgIHsKICAgICAgICAiZmVhdHVyZVR5cGUiOiAid2F0ZXIiLAogICAgICAgICJlbGVtZW50VHlwZSI6ICJhbGwiLAogICAgICAgICJzdHlsZXJzIjogWwogICAgICAgICAgICB7CiAgICAgICAgICAgICAgICAiaHVlIjogIiNhMWNkZmMiCiAgICAgICAgICAgIH0sCiAgICAgICAgICAgIHsKICAgICAgICAgICAgICAgICJzYXR1cmF0aW9uIjogMzAKICAgICAgICAgICAgfSwKICAgICAgICAgICAgewogICAgICAgICAgICAgICAgImxpZ2h0bmVzcyI6IDQ5CiAgICAgICAgICAgIH0KICAgICAgICBdCiAgICB9Cl0=\" style=\"height:700px\"><\/div><div class=\"bt_bb_google_maps_location bt_bb_map_location bt_bb_google_maps_location_without_content bt_bb_map_location_without_content\" data-lat=\"40.765462\" data-lng=\"-73.985906\" data-icon=\"https:\/\/www.esperts.es\/wp-content\/uploads\/2018\/09\/pin_dark.png\"><\/div><\/div><div class=\"bt_bb_separator bt_bb_border_style_none bt_bb_border_color_none bt_bb_bottom_spacing_100\" data-bt-override-class=\"null\"><\/div><\/div><\/div><\/div><\/div><\/div><div class=\"bt_bb_row_wrapper\"><div  class=\"bt_bb_row\"  data-bt-override-class=\"{}\"><div  class=\"bt_bb_column col-xxl-12 col-xl-12 bt_bb_vertical_align_bottom bt_bb_align_center bt_bb_padding_normal bt_bb_animation_fade_in animate\"  data-width=\"12\" data-bt-override-class=\"{}\"><div class=\"bt_bb_column_content\"><div class=\"bt_bb_column_content_inner\"><div data-bb-version=\"4.5.6\" class=\"bt_bb_separator bt_bb_border_style_none bt_bb_border_color_none bt_bb_top_spacing_large bt_bb_bottom_spacing_none\" data-bt-override-class=\"{&quot;bt_bb_top_spacing_&quot;:{&quot;current_class&quot;:&quot;bt_bb_top_spacing_large&quot;,&quot;xxl&quot;:&quot;large&quot;},&quot;bt_bb_bottom_spacing_&quot;:{&quot;current_class&quot;:&quot;bt_bb_bottom_spacing_none&quot;,&quot;xxl&quot;:&quot;none&quot;}}\"><\/div><header data-bb-version=\"4.5.6\" class=\"bt_bb_headline bt_bb_dash_none bt_bb_size_normal bt_bb_align_inherit\" style=\"max-width: 1100px;\" data-bt-override-class=\"{&quot;bt_bb_size_&quot;:{&quot;current_class&quot;:&quot;bt_bb_size_normal&quot;,&quot;xxl&quot;:&quot;normal&quot;},&quot;bt_bb_align_&quot;:{&quot;current_class&quot;:&quot;bt_bb_align_inherit&quot;,&quot;xxl&quot;:&quot;inherit&quot;}}\"><h2 class=\"bt_bb_headline_tag\"><span class=\"bt_bb_headline_content\"><span>Travaillez avec nous ! Nous recherchons des collaborateurs passionn\u00e9s et engag\u00e9s pour renforcer notre \u00e9quipe ! <\/span><\/span><\/h2><\/header><div class=\"bt_bb_separator bt_bb_border_style_none bt_bb_border_color_none bt_bb_bottom_spacing_medium\" data-bt-override-class=\"null\"><\/div><div data-bb-version=\"4.5.6\" class=\"bt_bb_button bt_bb_color_scheme_6 bt_bb_icon_position_left bt_bb_style_filled bt_bb_size_large bt_bb_width_inline bt_bb_shape_inherit bt_bb_target_self bt_bb_text_transform_inherit bt_bb_align_inherit\" style=\"; --primary-color:#ffffff; --secondary-color:#057485;\" data-bt-override-class=\"{&quot;bt_bb_size_&quot;:{&quot;current_class&quot;:&quot;bt_bb_size_large&quot;,&quot;xxl&quot;:&quot;large&quot;},&quot;bt_bb_align_&quot;:{&quot;current_class&quot;:&quot;bt_bb_align_inherit&quot;,&quot;xxl&quot;:&quot;inherit&quot;}}\"><a href=\"https:\/\/www.esperts.es\/fr\/conviertete-en-un-companero\/\" target=\"_self\" class=\"bt_bb_link\" title=\"Obtenez plus d&#039;informations ici\"><span class=\"bt_bb_button_text\" >Obtenez plus d'informations ici<\/span><\/a><\/div><div class=\"bt_bb_separator bt_bb_border_style_none bt_bb_border_color_none bt_bb_bottom_spacing_medium\" data-bt-override-class=\"null\"><\/div><\/div><\/div><\/div><\/div><\/div><\/div><!-- cell_inner --><\/div><!-- cell --><\/div><!-- port --><div class=\"bt_bb_section_bottom_section_coverage_image\"><img decoding=\"async\" src=\"https:\/\/www.esperts.es\/wp-content\/uploads\/2020\/08\/Wave_grey_bottom_left_shape_01.png\" alt=\"bt_bb_section_bottom_section_coverage_image\" \/><\/div><\/section>","protected":false},"excerpt":{"rendered":"","protected":false},"author":1,"featured_media":0,"parent":0,"menu_order":0,"comment_status":"closed","ping_status":"closed","template":"","meta":{"inline_featured_image":false,"footnotes":""},"_links":{"self":[{"href":"https:\/\/www.esperts.es\/fr\/wp-json\/wp\/v2\/pages\/6177"}],"collection":[{"href":"https:\/\/www.esperts.es\/fr\/wp-json\/wp\/v2\/pages"}],"about":[{"href":"https:\/\/www.esperts.es\/fr\/wp-json\/wp\/v2\/types\/page"}],"author":[{"embeddable":true,"href":"https:\/\/www.esperts.es\/fr\/wp-json\/wp\/v2\/users\/1"}],"replies":[{"embeddable":true,"href":"https:\/\/www.esperts.es\/fr\/wp-json\/wp\/v2\/comments?post=6177"}],"version-history":[{"count":12,"href":"https:\/\/www.esperts.es\/fr\/wp-json\/wp\/v2\/pages\/6177\/revisions"}],"predecessor-version":[{"id":9215,"href":"https:\/\/www.esperts.es\/fr\/wp-json\/wp\/v2\/pages\/6177\/revisions\/9215"}],"wp:attachment":[{"href":"https:\/\/www.esperts.es\/fr\/wp-json\/wp\/v2\/media?parent=6177"}],"curies":[{"name":"wp","href":"https:\/\/api.w.org\/{rel}","templated":true}]}}