{"id":9232,"date":"2023-08-17T16:30:58","date_gmt":"2023-08-17T16:30:58","guid":{"rendered":"https:\/\/www.esperts.es\/aviso-legal\/"},"modified":"2023-08-18T07:04:05","modified_gmt":"2023-08-18T07:04:05","slug":"impressum","status":"publish","type":"page","link":"https:\/\/www.esperts.es\/de\/impressum\/","title":{"rendered":"Impressum"},"content":{"rendered":"<section data-bb-version=\"4.6.1\" id=\"bt_bb_section69de9ae83d73b\" class=\"bt_bb_section bt_bb_layout_boxed_1200 bt_bb_vertical_align_top bt_bb_top_spacing_large bt_bb_bottom_spacing_large\"  data-bt-override-class=\"{&quot;bt_bb_top_spacing_&quot;:{&quot;current_class&quot;:&quot;bt_bb_top_spacing_large&quot;,&quot;xxl&quot;:&quot;large&quot;},&quot;bt_bb_bottom_spacing_&quot;:{&quot;current_class&quot;:&quot;bt_bb_bottom_spacing_large&quot;,&quot;xxl&quot;:&quot;large&quot;}}\"><div class=\"bt_bb_port\"><div class=\"bt_bb_cell\"><div class=\"bt_bb_cell_inner\"><div class=\"bt_bb_row_wrapper\"><div  class=\"bt_bb_row\"  data-bt-override-class=\"{}\"><div  class=\"bt_bb_column col-xxl-12 col-xl-12 col-xs-12 col-sm-12 col-md-12 col-lg-12 bt_bb_vertical_align_top bt_bb_align_left bt_bb_padding_normal bt_bb_animation_fade_in animate\"  data-width=\"12\" data-bt-override-class=\"{}\"><div class=\"bt_bb_column_content\"><div class=\"bt_bb_column_content_inner\"><div class=\"bt_bb_separator bt_bb_border_style_none bt_bb_border_color_none bt_bb_bottom_spacing_large bt_bb_hidden_xs bt_bb_hidden_ms\" data-bt-override-class=\"null\"><\/div><div data-bb-version=\"4.6.1\"  class=\"bt_bb_text bt_bb_hidden_xs bt_bb_hidden_ms bt_bb_hidden_sm bt_bb_hidden_md bt_bb_hidden_lg bt_bb_hidden_xl\" ><h2>IMPRESSUM UND ALLGEMEINE GESCH\u00c4FTSBEDINGUNGEN<\/h2>\n<h4 style=\"margin-top: 45px;\">www.esperts.es<\/h4>\n<h4 style=\"margin-top: 45px;\">I. ALLGEMEINE INFORMATIONEN<\/h4>\n<p style=\"margin-top: 25px;\">Im Einklang mit der Informationspflicht gem\u00e4\u00df dem Gesetz 34\/2002 \u00fcber Dienste der Informationsgesellschaft und des elektronischen Gesch\u00e4ftsverkehrs (LSSI-CE) vom 11. Juli werden nachstehend die folgenden allgemeinen Informationen \u00fcber diese Website bereitgestellt:<\/p>\n<p style=\"margin-top: 25px;\">Die Eigent\u00fcmerschaft dieser Website, <u>www.esperts.es<\/u>, (nachfolgend als &#8220;Website&#8221; bezeichnet)<\/p>\n<p style=\"margin-top: 25px;\"><b>liegt bei:<\/b> <u>valideron &#8211; Consultor\u00eda Informatica S.L.<\/u>, mit der USt-IdNr.: <span class=\"blanc-space ng-binding\">B56243371<\/span> und eingetragen im: <span class=\"blanc-space ng-binding\">Handelsregister von Valencia<\/span> mit folgenden Registrierungsdaten: <span class=\"blanc-space ng-binding\">Band 11420, Buch 8698, Blatt 37, Abschnitt 8, Seite V 212530, Eintrag 1<\/span>, dessen Vertreter ist: <u>Gerbl Timmy<\/u>, und dessen Kontaktdaten lauten:<\/p>\n<p style=\"margin-top: 25px;\"><b>Adresse:<\/b> <u>Gran V\u00eda Fernando Cat\u00f3lico Nr. 5 &#8211; T\u00fcr 8 &#8211; 46008 Valencia (Valencia)<\/u><\/p>\n<p style=\"margin-top: 25px;\"><b>Kontakttelefon:<\/b> &lt;u&#8221;&gt;+34 652 527 033<\/p>\n<p style=\"margin-top: 25px;\"><b>Kontakt-E-Mail:<\/b> <u>info@esperts.es<\/u><\/p>\n<\/div><div data-bb-version=\"4.6.1\"  class=\"bt_bb_text\" ><h4 style=\"margin-top: 45px;\">II. ALLGEMEINE GESCH\u00c4FTSBEDINGUNGEN<\/h4>\n<p><strong style=\"margin-top: 25px;\">Gegenstand der Bedingungen:<\/strong> Die Website<\/p>\n<p style=\"margin-top: 25px;\">Der Zweck dieser Allgemeinen Nutzungsbedingungen (im Folgenden &#8220;Bedingungen&#8221;) besteht darin, den Zugang und die Nutzung der Website zu regeln. Im Sinne dieser Bedingungen wird unter Website verstanden: das \u00e4u\u00dfere Erscheinungsbild der Bildschirmschnittstellen, sowohl statisch als auch dynamisch, dh der Navigationsbaum; und alle in den Bildschirmschnittstellen und im Navigationsbaum integrierten Elemente (im Folgenden &#8220;Inhalte&#8221;) sowie alle Online-Dienste oder Ressourcen, die den Benutzern gegebenenfalls angeboten werden (im Folgenden &#8220;Dienste&#8221;).<\/p>\n<p style=\"margin-top: 25px;\">esperts beh\u00e4lt sich das Recht vor, die Pr\u00e4sentation und Konfiguration der Website sowie der Inhalte und Dienste, die darin enthalten sein k\u00f6nnen, jederzeit und ohne Vorank\u00fcndigung zu \u00e4ndern. Der Benutzer erkennt an und akzeptiert, dass esperts jederzeit einen oder mehrere dieser Bestandteile der Website oder den Zugang dazu unterbrechen, deaktivieren und\/oder stornieren kann.<\/p>\n<p style=\"margin-top: 25px;\">Der Zugang zur Website durch den Benutzer ist grunds\u00e4tzlich frei und kostenlos, ohne dass der Benutzer eine Gegenleistung erbringen muss, um dies genie\u00dfen zu k\u00f6nnen, abgesehen von den Kosten f\u00fcr die Verbindung \u00fcber das Telekommunikationsnetzwerk, die der Benutzer m\u00f6glicherweise mit seinem Zugangsprovider vereinbart hat.<\/p>\n<p style=\"margin-top: 25px;\">Die Nutzung einiger Inhalte oder Dienste der Website kann durch die vorherige Anmeldung oder Registrierung des Benutzers erfolgen.<\/p>\n<h5 style=\"margin-top: 35px;\">Der Benutzer<\/h5>\n<p style=\"margin-top: 25px;\">Der Zugang, die Navigation und die Nutzung der Website sowie die Interaktion zwischen den Benutzern, zwischen dem Benutzer und esperts in den daf\u00fcr vorgesehenen Bereichen, wie z. B. Kommentare und\/oder Blogging-Bereiche, verleihen dem Benutzer den Status eines Benutzers. Daher werden alle hier festgelegten Bedingungen sowie deren sp\u00e4tere \u00c4nderungen akzeptiert, sobald die Navigation auf der Website beginnt, ungeachtet der Anwendung der entsprechenden rechtlichen Bestimmungen, die im jeweiligen Fall obligatorisch sind. Angesichts der Bedeutung des Vorstehenden wird dem Benutzer empfohlen, diese Bedingungen bei jedem Besuch der Website zu lesen.<\/p>\n<p style=\"margin-top: 25px;\">Die Website von esperts bietet eine Vielzahl von Informationen, Diensten und Daten. Der Benutzer \u00fcbernimmt die Verantwortung f\u00fcr die ordnungsgem\u00e4\u00dfe Nutzung der Website.<\/p>\n<p style=\"margin-top: 25px;\">Diese Verantwortung erstreckt sich auf: Die Nutzung von Informationen, Inhalten und\/oder Diensten und Daten, die von esperts bereitgestellt werden, ohne dass diese den hier festgelegten Bedingungen, dem Gesetz, der Moral oder der \u00f6ffentlichen Ordnung widersprechen oder anderweitig die Rechte Dritter verletzen oder den Betrieb der Website selbst beeintr\u00e4chtigen k\u00f6nnten.<\/p>\n<p style=\"margin-top: 25px;\">Die Richtigkeit und Rechtm\u00e4\u00dfigkeit der Informationen, die der Benutzer in den von esperts bereitgestellten Formularen f\u00fcr den Zugang zu bestimmten Inhalten oder Diensten der Website angibt. In jedem Fall wird der Benutzer esperts unverz\u00fcglich \u00fcber jede Handlung informieren, die eine missbr\u00e4uchliche Verwendung der in diesen Formularen registrierten Informationen erm\u00f6glicht, wie z. B. Diebstahl, Verlust oder unberechtigter Zugriff auf Kennungen und\/oder Passw\u00f6rter, um deren sofortige Stornierung zu veranlassen.<\/p>\n<p style=\"margin-top: 25px;\">esperts beh\u00e4lt sich das Recht vor, alle Kommentare und Beitr\u00e4ge zu entfernen, die gegen das Gesetz versto\u00dfen, die W\u00fcrde einer Person beeintr\u00e4chtigen, diskriminierend, fremdenfeindlich, rassistisch, pornografisch, Spam sind, die Jugend oder das Kindeswohl gef\u00e4hrden, die \u00f6ffentliche Ordnung oder Sicherheit beeintr\u00e4chtigen oder die nach Meinung von esperts nicht f\u00fcr die Ver\u00f6ffentlichung geeignet sind.<\/p>\n<p style=\"margin-top: 25px;\">In jedem Fall \u00fcbernimmt esperts keine Verantwortung f\u00fcr die von Benutzern \u00fcber Kommentare oder andere Blogging-Werkzeuge oder Beteiligungsm\u00f6glichkeiten abgegebenen Meinungen.<\/p>\n<p style=\"margin-top: 25px;\">Der blo\u00dfe Zugang zu dieser Website begr\u00fcndet keine kommerzielle Beziehung zwischen esperts und dem Benutzer.<\/p>\n<p style=\"margin-top: 25px;\">Der Benutzer erkl\u00e4rt, vollj\u00e4hrig zu sein und \u00fcber die ausreichende rechtliche Befugnis zu verf\u00fcgen, um sich an diese Bedingungen zu binden. Daher richtet sich diese Website von esperts nicht an Minderj\u00e4hrige. esperts lehnt jegliche Verantwortung f\u00fcr die Nichterf\u00fcllung dieser Anforderung ab.<\/p>\n<p style=\"margin-top: 25px;\">Die Website richtet sich haupts\u00e4chlich an Benutzer, die in Spanien ans\u00e4ssig sind. esperts garantiert nicht, dass die Website vollst\u00e4ndig oder teilweise den Gesetzen anderer L\u00e4nder entspricht. Wenn der Benutzer in einem anderen Land ans\u00e4ssig ist oder dort seinen Wohnsitz hat und auf die Website zugreifen und\/oder sie durchsuchen m\u00f6chte, geschieht dies auf eigenes Risiko. Der Benutzer muss sicherstellen, dass dieser Zugang und diese Navigation den f\u00fcr ihn geltenden \u00f6rtlichen Gesetzen entsprechen, und esperts \u00fcbernimmt keine Verantwortung f\u00fcr etwaige daraus resultierende Konsequenzen.<\/p>\n<h4 style=\"margin-top: 45px;\">III. ZUGANG UND NAVIGATION AUF DER WEBSITE: AUSSCHLUSS VON GARANTIEN UND HAFTUNG<\/h4>\n<p style=\"margin-top: 25px;\">esperts garantiert nicht die Kontinuit\u00e4t, Verf\u00fcgbarkeit und N\u00fctzlichkeit der Website, der Inhalte oder Dienste. esperts wird alles in seiner Macht Stehende tun, um den reibungslosen Betrieb der Website zu gew\u00e4hrleisten, \u00fcbernimmt jedoch keine Verantwortung oder Garantie daf\u00fcr, dass der Zugang zu dieser Website unterbrechungsfrei ist oder frei von Fehlern ist.<\/p>\n<p style=\"margin-top: 25px;\">esperts haftet auch nicht daf\u00fcr, dass der Inhalt oder die Software, auf die \u00fcber diese Website zugegriffen werden kann, fehlerfrei ist oder das Computersystem (Software und Hardware) des Benutzers besch\u00e4digt. In keinem Fall wird esperts f\u00fcr Verluste, Sch\u00e4den oder Sch\u00e4den jeglicher Art haftbar gemacht, die durch den Zugang, die Navigation und die Nutzung der Website verursacht werden, einschlie\u00dflich, aber nicht beschr\u00e4nkt auf Sch\u00e4den, die an Computersystemen verursacht werden oder durch die Einf\u00fchrung von Viren verursacht werden.<\/p>\n<p style=\"margin-top: 25px;\">esperts \u00fcbernimmt ebenfalls keine Verantwortung f\u00fcr Sch\u00e4den, die Benutzern durch unsachgem\u00e4\u00dfe Nutzung dieser Website entstehen k\u00f6nnten. Insbesondere \u00fcbernimmt esperts keinerlei Verantwortung f\u00fcr Ausf\u00e4lle, Unterbrechungen, Ausf\u00e4lle oder M\u00e4ngel in den Telekommunikationseinrichtungen, die auftreten k\u00f6nnen.<\/p>\n<h4 style=\"margin-top: 45px;\">IV. LINK-RICHTLINIE<\/h4>\n<p style=\"margin-top: 25px;\">Die Website von esperts stellt den Benutzern m\u00f6glicherweise Mittel zur Verf\u00fcgung, um auf Websites von Dritten zuzugreifen (wie z. B. Links, Banner, Schaltfl\u00e4chen), Verzeichnisse und Suchmaschinen, die es den Benutzern erm\u00f6glichen, auf Websites zuzugreifen, die Dritten geh\u00f6ren und\/oder von ihnen verwaltet werden.<\/p>\n<p style=\"margin-top: 25px;\">Die Installation dieser Links, Verzeichnisse und Suchmaschinen auf der Website soll den Benutzern die Suche nach und den Zugriff auf im Internet verf\u00fcgbare Informationen erleichtern und stellt keine Empfehlung oder Einladung zum Besuch dieser Websites dar.<\/p>\n<p style=\"margin-top: 25px;\">esperts bietet gesponserte Inhalte, Anzeigen und\/oder Affiliate-Links an. Die Informationen, die in diesen Affiliate-Links oder den eingef\u00fcgten Anzeigen angezeigt werden, werden von den Werbetreibenden selbst bereitgestellt. Daher \u00fcbernimmt esperts keine Verantwortung f\u00fcr m\u00f6gliche Ungenauigkeiten oder Fehler in den Anzeigen, noch garantiert es in irgendeiner Weise die Erfahrung, Integrit\u00e4t oder Verantwortung der Werbetreibenden oder die Qualit\u00e4t ihrer Produkte und\/oder Dienstleistungen.<\/p>\n<p style=\"margin-top: 25px;\">Dar\u00fcber hinaus wird auch die technische Verf\u00fcgbarkeit, Genauigkeit, Wahrheit, G\u00fcltigkeit oder Rechtm\u00e4\u00dfigkeit von Websites, die nicht in ihrem Besitz sind und \u00fcber Links zug\u00e4nglich sind, nicht gew\u00e4hrleistet.<\/p>\n<p style=\"margin-top: 25px;\">esperts wird in keinem Fall den Inhalt anderer Websites \u00fcberpr\u00fcfen oder kontrollieren, noch genehmigen, \u00fcberwachen oder die Produkte und Dienstleistungen, Inhalte, Dateien und jegliches andere Material, das in den genannten verlinkten Websites vorhanden ist, f\u00fcr angemessen erachten.<\/p>\n<p style=\"margin-top: 25px;\">esperts \u00fcbernimmt keine Verantwortung f\u00fcr Sch\u00e4den und Verluste, die durch den Zugang, die Nutzung, die Qualit\u00e4t oder die Rechtm\u00e4\u00dfigkeit der Inhalte, Kommunikationen, Meinungen, Produkte und Dienstleistungen von Websites verursacht werden, die nicht von esperts verwaltet werden und \u00fcber Links auf dieser Website zug\u00e4nglich sind.<\/p>\n<p style=\"margin-top: 25px;\">Der Benutzer oder Dritte, die einen Hyperlink von einer Website einer anderen, unterschiedlichen Website zur Website von esperts erstellen, m\u00fcssen wissen, dass:<\/p>\n<p style=\"margin-top: 25px;\">Die vollst\u00e4ndige oder teilweise Reproduktion von Inhalten und\/oder Diensten der Website ohne ausdr\u00fcckliche Genehmigung von esperts ist nicht gestattet.<\/p>\n<p style=\"margin-top: 25px;\">Es sind auch keine falschen, ungenauen oder falschen Aussagen \u00fcber die Website von esperts oder deren Inhalte und\/oder Dienste gestattet.<\/p>\n<p style=\"margin-top: 25px;\">Mit Ausnahme des Hyperlinks enth\u00e4lt die Website, auf der dieser Hyperlink erstellt wird, kein Element dieser Website, das nach dem spanischen Recht zum geistigen Eigentum geh\u00f6rt, es sei denn, esperts hat ausdr\u00fccklich zugestimmt.<\/p>\n<p style=\"margin-top: 25px;\">Die Erstellung des Hyperlinks impliziert nicht das Bestehen von Beziehungen zwischen esperts und dem Inhaber der Website, von der aus er erstellt wird, noch die Kenntnis und Akzeptanz von esperts f\u00fcr die Inhalte, Dienste und\/oder Aktivit\u00e4ten, die auf dieser Website angeboten werden, und umgekehrt.<\/p>\n<h4 style=\"margin-top: 45px;\">V. GEISTIGES UND INDUSTRIELLES EIGENTUM<\/h4>\n<p style=\"margin-top: 25px;\">esperts ist Inhaber aller geistigen und gewerblichen Schutzrechte der Website sowie der darin enthaltenen Elemente (beispielsweise Bilder, Ton, Audio, Video, Software oder Texte, Marken oder Logos, Farbkombinationen, Struktur und Design, Auswahl der verwendeten Materialien, f\u00fcr den Betrieb notwendige Computerprogramme, Zugang und Nutzung usw.). Daher handelt es sich um Werke, die nach dem spanischen Recht zum geistigen Eigentum gesch\u00fctzt sind und denen sowohl das spanische und gemeinschaftliche Recht in diesem Bereich als auch die von Spanien unterzeichneten internationalen Abkommen gelten.<\/p>\n<p style=\"margin-top: 25px;\">Alle Rechte vorbehalten. Gem\u00e4\u00df dem Gesetz \u00fcber geistiges Eigentum ist die Vervielf\u00e4ltigung, Verbreitung und \u00f6ffentliche Wiedergabe, einschlie\u00dflich der Bereitstellung, der gesamten oder eines Teils der Inhalte dieser Website zu kommerziellen Zwecken auf jedem Medium und auf jede technische Weise ohne die Genehmigung von esperts ausdr\u00fccklich untersagt.<\/p>\n<p style=\"margin-top: 25px;\">Der Benutzer verpflichtet sich, die geistigen und gewerblichen Schutzrechte von esperts zu respektieren. Er kann die Elemente der Website anzeigen oder sogar drucken, kopieren und auf der Festplatte seines Computers oder einem anderen physischen Medium speichern, vorausgesetzt, dies dient ausschlie\u00dflich seiner pers\u00f6nlichen Nutzung. Der Benutzer darf jedoch keinen Kopierschutz oder Sicherheitsmechanismus entfernen, \u00e4ndern oder manipulieren, der auf der Website installiert ist.<\/p>\n<p style=\"margin-top: 25px;\">Falls der Benutzer oder Dritte der Ansicht ist, dass einer der Inhalte der Website gegen die Schutzrechte des geistigen Eigentums verst\u00f6\u00dft, muss er dies esperts umgehend \u00fcber die Kontaktdaten im Abschnitt &#8220;ALLGEMEINE INFORMATIONEN&#8221; in diesem Impressum und in diesen Allgemeinen Gesch\u00e4ftsbedingungen mitteilen.<\/p>\n<h4 style=\"margin-top: 45px;\">VI. RECHTSSCHRITTE, ANWENDBARES RECHT UND GERICHTSSTAND<\/h4>\n<p style=\"margin-top: 25px;\">esperts beh\u00e4lt sich das Recht vor, zivil- oder strafrechtliche Ma\u00dfnahmen einzuleiten, die es f\u00fcr notwendig h\u00e4lt, um den Missbrauch der Website und der Inhalte oder die Nichterf\u00fcllung dieser Bedingungen zu verhindern.<\/p>\n<p style=\"margin-top: 25px;\">Die Beziehung zwischen dem Benutzer und esperts unterliegt den geltenden Gesetzen und Bestimmungen im spanischen Hoheitsgebiet. Im Falle von Meinungsverschiedenheiten im Zusammenhang mit der Auslegung und\/oder Anwendung dieser Bedingungen werden die Parteien ihre Konflikte der ordentlichen Gerichtsbarkeit unterwerfen und sich den zust\u00e4ndigen Richtern und Gerichten gem\u00e4\u00df dem Gesetz stellen.<\/p>\n<p style=\"margin-top: 25px;\">Dieses Dokument des rechtlichen Hinweises und der allgemeinen Gesch\u00e4ftsbedingungen f\u00fcr die Nutzung der Website wurde am 17\/08\/2023 mithilfe des Online-Tools f\u00fcr den rechtlichen Hinweis und die Nutzungsbedingungen von <a class=\"text-body text-decoration-none\" href=\"https:\/\/textos-legales.edgartamarit.com\/\">Rechtlicher Hinweis und Nutzungsbedingungen<\/a> erstellt.<\/p>\n<p style=\"margin-top: 25px;\">Urheberrecht \u00a9 2023 Rechtstexte angepasst an die DSGVO<\/p>\n<\/div><\/div><\/div><\/div><\/div><\/div><\/div><!-- cell_inner --><\/div><!-- cell --><\/div><!-- port --><\/section>","protected":false},"excerpt":{"rendered":"","protected":false},"author":1,"featured_media":0,"parent":0,"menu_order":0,"comment_status":"closed","ping_status":"closed","template":"","meta":{"inline_featured_image":false,"footnotes":""},"_links":{"self":[{"href":"https:\/\/www.esperts.es\/de\/wp-json\/wp\/v2\/pages\/9232"}],"collection":[{"href":"https:\/\/www.esperts.es\/de\/wp-json\/wp\/v2\/pages"}],"about":[{"href":"https:\/\/www.esperts.es\/de\/wp-json\/wp\/v2\/types\/page"}],"author":[{"embeddable":true,"href":"https:\/\/www.esperts.es\/de\/wp-json\/wp\/v2\/users\/1"}],"replies":[{"embeddable":true,"href":"https:\/\/www.esperts.es\/de\/wp-json\/wp\/v2\/comments?post=9232"}],"version-history":[{"count":5,"href":"https:\/\/www.esperts.es\/de\/wp-json\/wp\/v2\/pages\/9232\/revisions"}],"predecessor-version":[{"id":9247,"href":"https:\/\/www.esperts.es\/de\/wp-json\/wp\/v2\/pages\/9232\/revisions\/9247"}],"wp:attachment":[{"href":"https:\/\/www.esperts.es\/de\/wp-json\/wp\/v2\/media?parent=9232"}],"curies":[{"name":"wp","href":"https:\/\/api.w.org\/{rel}","templated":true}]}}