{"id":6428,"date":"2023-06-16T12:52:15","date_gmt":"2023-06-16T12:52:15","guid":{"rendered":"https:\/\/www.esperts.es\/?page_id=6428"},"modified":"2023-07-13T09:04:42","modified_gmt":"2023-07-13T09:04:42","slug":"conviertete-en-un-companero","status":"publish","type":"page","link":"https:\/\/www.esperts.es\/de\/conviertete-en-un-companero\/","title":{"rendered":"Arbeiten Sie mit uns zusammmen!"},"content":{"rendered":"<section data-bb-version=\"4.5.6\" id=\"bt_bb_section69de98f726bff\" class=\"bt_bb_section bt_bb_layout_boxed_1200 bt_bb_vertical_align_top bt_bb_bottom_section_coverage_image bt_bb_section_with_bottom_coverage_image bt_bb_top_spacing_extra_large bt_bb_bottom_spacing_medium\"  data-bt-override-class=\"{&quot;bt_bb_top_spacing_&quot;:{&quot;current_class&quot;:&quot;bt_bb_top_spacing_extra_large&quot;,&quot;xxl&quot;:&quot;extra_large&quot;},&quot;bt_bb_bottom_spacing_&quot;:{&quot;current_class&quot;:&quot;bt_bb_bottom_spacing_medium&quot;,&quot;xxl&quot;:&quot;medium&quot;}}\"><div class=\"bt_bb_background_image_holder_wrapper\"><div class=\"bt_bb_background_image_holder bt_bb_parallax\"  data-parallax=\"0.7\" data-parallax-offset=\"0\" data-parallax-zoom-start=\"1\" data-parallax-zoom-end=\"1\" data-parallax-blur-start=\"0\" data-parallax-blur-end=\"0\" data-parallax-opacity-start=\"1\" data-parallax-opacity-end=\"1\" style=\" background-image:url(&#039;https:\/\/www.esperts.es\/wp-content\/uploads\/2020\/09\/background_contact.png&#039;);\"><\/div><\/div><div class=\"bt_bb_port\"><div class=\"bt_bb_cell\"><div class=\"bt_bb_cell_inner\"><div class=\"bt_bb_row_wrapper\"><div  class=\"bt_bb_row\"  data-bt-override-class=\"{}\"><div  class=\"bt_bb_column col-xxl-6 col-xl-6 bt_bb_vertical_align_top bt_bb_align_left bt_bb_padding_normal bt_bb_animation_fade_in animate\"  data-width=\"6\" data-bt-override-class=\"{}\"><div class=\"bt_bb_column_content\"><div class=\"bt_bb_column_content_inner\"><header data-bb-version=\"4.5.6\" class=\"bt_bb_headline bt_bb_dash_none bt_bb_subheadline bt_bb_size_normal bt_bb_align_inherit\" data-bt-override-class=\"{&quot;bt_bb_size_&quot;:{&quot;current_class&quot;:&quot;bt_bb_size_normal&quot;,&quot;xxl&quot;:&quot;normal&quot;},&quot;bt_bb_align_&quot;:{&quot;current_class&quot;:&quot;bt_bb_align_inherit&quot;,&quot;xxl&quot;:&quot;inherit&quot;,&quot;md&quot;:&quot;center&quot;,&quot;sm&quot;:&quot;center&quot;,&quot;xs&quot;:&quot;center&quot;}}\"><h2 class=\"bt_bb_headline_tag\"><span class=\"bt_bb_headline_content\"><span>Arbeiten Sie mit uns zusammmen!<\/span><\/span><\/h2><div class=\"bt_bb_headline_subheadline\">Wir suchen freie Mitarbeiter und Service Agenturen an der Costa Blanca und anderen Standorten in Spanien!<\/div><\/header><div data-bb-version=\"4.5.6\" class=\"bt_bb_separator bt_bb_border_style_none bt_bb_border_color_none bt_bb_top_spacing_none bt_bb_bottom_spacing_20\" data-bt-override-class=\"{&quot;bt_bb_top_spacing_&quot;:{&quot;current_class&quot;:&quot;bt_bb_top_spacing_none&quot;,&quot;xxl&quot;:&quot;none&quot;},&quot;bt_bb_bottom_spacing_&quot;:{&quot;current_class&quot;:&quot;bt_bb_bottom_spacing_20&quot;,&quot;xxl&quot;:&quot;20&quot;}}\"><\/div><div data-bb-version=\"4.5.6\" class=\"bt_bb_image bt_bb_shape_square bt_bb_target_self bt_bb_align_inherit bt_bb_hover_style_simple bt_bb_content_display_always bt_bb_content_align_middle\" data-bt-override-class=\"{&quot;bt_bb_align_&quot;:{&quot;current_class&quot;:&quot;bt_bb_align_inherit&quot;,&quot;xxl&quot;:&quot;inherit&quot;}}\"><span><img loading=\"lazy\" decoding=\"async\" width=\"1600\" height=\"1067\" src=\"https:\/\/www.esperts.es\/wp-content\/uploads\/2023\/01\/bigstock-Young-successful-colleagues-or-321145093.jpg\" class=\"attachment-full size-full\" alt=\"Young successful colleagues or business partners in smart casual shaking hands by workplace after making agreement about working points\" data-full_image_src=\"https:\/\/www.esperts.es\/wp-content\/uploads\/2023\/01\/bigstock-Young-successful-colleagues-or-321145093.jpg\" title=\"Young successful colleagues or business partners in smart casual\" srcset=\"https:\/\/www.esperts.es\/wp-content\/uploads\/2023\/01\/bigstock-Young-successful-colleagues-or-321145093.jpg 1600w, https:\/\/www.esperts.es\/wp-content\/uploads\/2023\/01\/bigstock-Young-successful-colleagues-or-321145093-600x400.jpg 600w, https:\/\/www.esperts.es\/wp-content\/uploads\/2023\/01\/bigstock-Young-successful-colleagues-or-321145093-640x427.jpg 640w, https:\/\/www.esperts.es\/wp-content\/uploads\/2023\/01\/bigstock-Young-successful-colleagues-or-321145093-1280x854.jpg 1280w, https:\/\/www.esperts.es\/wp-content\/uploads\/2023\/01\/bigstock-Young-successful-colleagues-or-321145093-768x512.jpg 768w, https:\/\/www.esperts.es\/wp-content\/uploads\/2023\/01\/bigstock-Young-successful-colleagues-or-321145093-1536x1024.jpg 1536w, https:\/\/www.esperts.es\/wp-content\/uploads\/2023\/01\/bigstock-Young-successful-colleagues-or-321145093-320x213.jpg 320w, https:\/\/www.esperts.es\/wp-content\/uploads\/2023\/01\/bigstock-Young-successful-colleagues-or-321145093-540x360.jpg 540w, https:\/\/www.esperts.es\/wp-content\/uploads\/2023\/01\/bigstock-Young-successful-colleagues-or-321145093-1080x720.jpg 1080w\" sizes=\"(max-width: 1600px) 100vw, 1600px\" \/><\/span><\/div><div data-bb-version=\"4.5.6\" class=\"bt_bb_separator bt_bb_border_style_none bt_bb_border_color_none bt_bb_top_spacing_none bt_bb_bottom_spacing_normal\" data-bt-override-class=\"{&quot;bt_bb_top_spacing_&quot;:{&quot;current_class&quot;:&quot;bt_bb_top_spacing_none&quot;,&quot;xxl&quot;:&quot;none&quot;},&quot;bt_bb_bottom_spacing_&quot;:{&quot;current_class&quot;:&quot;bt_bb_bottom_spacing_normal&quot;,&quot;xxl&quot;:&quot;normal&quot;}}\"><\/div><div data-bb-version=\"4.5.6\"  class=\"bt_bb_text\" ><p>Wir sind auf der Suche nach freien Mitarbeitern und bereits bestehenden Service Agenturen, die an einer Zusammenarbeit mit uns interessiert sind. Unser Unternehmen verf\u00fcgt \u00fcber eine breite Kundenbasis, f\u00fcr die wir verschiedene Dienstleistungen auf unserer Internetplattform anbieten. Als Partner vor Ort w\u00fcrden Sie die Kunden mit unseren Services betreuen. Daher ist es wichtig, dass Sie \u00fcber gute Spanischkenntnisse verf\u00fcgen. Idealerweise beherrschen Sie auch Englisch, Deutsch oder Franz\u00f6sisch, um eine optimale Kommunikation mit unseren vermittelten Kunden zu gew\u00e4hrleisten. Zudem w\u00e4re es von Vorteil, wenn Sie bei Beh\u00f6rdenterminen Spanisch sprechen k\u00f6nnen. Wenn Sie Interesse an einer Zusammenarbeit haben, f\u00fcllen Sie bitte das beigef\u00fcgte Formular aus und senden Sie uns Ihre Daten. Wir werden uns dann mit Ihnen in Verbindung setzen, um weitere Einzelheiten zu besprechen.<\/p>\n<\/div><\/div><\/div><\/div><div data-bb-version=\"4.5.6\"  class=\"bt_bb_column col-xxl-6 col-xl-6 bt_bb_vertical_align_top bt_bb_align_left bt_bb_padding_60 bt_bb_animation_fade_in animate bt_bb_shape_rounded\"  data-width=\"6\" data-bt-override-class=\"{&quot;bt_bb_align_&quot;:{&quot;current_class&quot;:&quot;bt_bb_align_left&quot;,&quot;xxl&quot;:&quot;left&quot;},&quot;bt_bb_padding_&quot;:{&quot;current_class&quot;:&quot;bt_bb_padding_60&quot;,&quot;xxl&quot;:&quot;60&quot;}}\"><div class=\"bt_bb_column_content bt_bb_inner_color_scheme_11 bt_bb_inner_color_scheme_11\" style=\"; --column-inner-primary-color:#181818; --column-inner-secondary-color:#f7f7f5;\"><div class=\"bt_bb_column_content_inner\"><div class=\"bt_bb_separator bt_bb_border_style_none bt_bb_border_color_none bt_bb_bottom_spacing_medium\" data-bt-override-class=\"null\"><\/div><header data-bb-version=\"4.5.6\" class=\"bt_bb_headline bt_bb_dash_none bt_bb_superheadline bt_bb_size_medium bt_bb_align_inherit\" data-bt-override-class=\"{&quot;bt_bb_size_&quot;:{&quot;current_class&quot;:&quot;bt_bb_size_medium&quot;,&quot;xxl&quot;:&quot;medium&quot;},&quot;bt_bb_align_&quot;:{&quot;current_class&quot;:&quot;bt_bb_align_inherit&quot;,&quot;xxl&quot;:&quot;inherit&quot;,&quot;md&quot;:&quot;center&quot;,&quot;sm&quot;:&quot;center&quot;,&quot;xs&quot;:&quot;center&quot;}}\"><h4 class=\"bt_bb_headline_tag\"><span class=\"bt_bb_headline_superheadline\">KONTAKTIEREN SIE UNS<\/span><span class=\"bt_bb_headline_content\"><span>Hinterlassen Sie uns einige Informationen und wir werden uns mit Ihnen in Verbindung setzen.<\/span><\/span><\/h4><\/header><div data-bb-version=\"4.5.6\" class=\"bt_bb_separator bt_bb_border_style_none bt_bb_border_color_none bt_bb_top_spacing_none bt_bb_bottom_spacing_normal\" data-bt-override-class=\"{&quot;bt_bb_top_spacing_&quot;:{&quot;current_class&quot;:&quot;bt_bb_top_spacing_none&quot;,&quot;xxl&quot;:&quot;none&quot;},&quot;bt_bb_bottom_spacing_&quot;:{&quot;current_class&quot;:&quot;bt_bb_bottom_spacing_normal&quot;,&quot;xxl&quot;:&quot;normal&quot;}}\"><\/div><div data-bb-version=\"4.5.6\"  class=\"bt_bb_text\" ><div class=\"wpforms-container wpforms-container-full wpforms-render-modern\" id=\"wpforms-6375\"><form id=\"wpforms-form-6375\" class=\"wpforms-validate wpforms-form wpforms-ajax-form\" data-formid=\"6375\" method=\"post\" enctype=\"multipart\/form-data\" action=\"\/de\/wp-json\/wp\/v2\/pages\/6428\" data-token=\"5415d83cd406dbe8781266f6a3cc769b\"><noscript class=\"wpforms-error-noscript\">Please enable JavaScript in your browser to complete this form.<\/noscript><div class=\"wpforms-hidden\" id=\"wpforms-error-noscript\">Please enable JavaScript in your browser to complete this form.<\/div><div class=\"wpforms-field-container\"><div id=\"wpforms-6375-field_0-container\" class=\"wpforms-field wpforms-field-name\" data-field-id=\"0\"><fieldset><legend class=\"wpforms-field-label\">Name <span class=\"wpforms-required-label\" aria-hidden=\"true\">*<\/span><\/legend><div class=\"wpforms-field-row wpforms-field-large\"><div class=\"wpforms-field-row-block wpforms-first wpforms-one-half\"><input type=\"text\" id=\"wpforms-6375-field_0\" class=\"wpforms-field-name-first wpforms-field-required\" name=\"wpforms[fields][0][first]\" aria-errormessage=\"wpforms-6375-field_0-error\" required><label for=\"wpforms-6375-field_0\" class=\"wpforms-field-sublabel after \">Vorname<\/label><\/div><div class=\"wpforms-field-row-block wpforms-one-half\"><input type=\"text\" id=\"wpforms-6375-field_0-last\" class=\"wpforms-field-name-last wpforms-field-required\" name=\"wpforms[fields][0][last]\" aria-errormessage=\"wpforms-6375-field_0-last-error\" required><label for=\"wpforms-6375-field_0-last\" class=\"wpforms-field-sublabel after \">Nachname<\/label><\/div><\/div><\/fieldset><\/div><div id=\"wpforms-6375-field_1-container\" class=\"wpforms-field wpforms-field-email\" data-field-id=\"1\"><label class=\"wpforms-field-label\" for=\"wpforms-6375-field_1\">E-Mail Adresse <span class=\"wpforms-required-label\" aria-hidden=\"true\">*<\/span><\/label><input type=\"email\" id=\"wpforms-6375-field_1\" class=\"wpforms-field-large wpforms-field-required\" name=\"wpforms[fields][1]\" spellcheck=\"false\" aria-errormessage=\"wpforms-6375-field_1-error\" required><\/div><div id=\"wpforms-6375-field_2-container\" class=\"wpforms-field wpforms-field-textarea\" data-field-id=\"2\"><label class=\"wpforms-field-label\" for=\"wpforms-6375-field_2\">Kommentar oder Nachricht<\/label><textarea id=\"wpforms-6375-field_2\" class=\"wpforms-field-medium\" name=\"wpforms[fields][2]\" aria-errormessage=\"wpforms-6375-field_2-error\" ><\/textarea><\/div><div id=\"wpforms-6375-field_3-container\" class=\"wpforms-field wpforms-field-checkbox\" data-field-id=\"3\"><fieldset><legend class=\"wpforms-field-label\">Datenschutzrichtlinien <span class=\"wpforms-required-label\" aria-hidden=\"true\">*<\/span><\/legend><ul id=\"wpforms-6375-field_3\" class=\"wpforms-field-required\"><li class=\"choice-1 depth-1\"><input type=\"checkbox\" id=\"wpforms-6375-field_3_1\" name=\"wpforms[fields][3][]\" value=\"Ich habe die &lt;a target=&quot;_blank&quot; href=&quot;https:\/\/www.esperts.es\/de\/privacy-policy\/&quot;&gt;Datenschutzrichtlinien&lt;\/a&gt; gelesen und akzeptiere sie.\" aria-errormessage=\"wpforms-6375-field_3_1-error\" aria-describedby=\"wpforms-6375-field_3-description\" required ><label class=\"wpforms-field-label-inline\" for=\"wpforms-6375-field_3_1\">Ich habe die <a target=\"_blank\" href=\"https:\/\/www.esperts.es\/de\/privacy-policy\/\">Datenschutzrichtlinien<\/a> gelesen und akzeptiere sie.<\/label><\/li><\/ul><div id=\"wpforms-6375-field_3-description\" class=\"wpforms-field-description\">Bitte lesen Sie unsere Datenschutzrichtlinien sorgf\u00e4ltig durch, bevor Sie das Formular absenden. Durch Ankreuzen des Kontrollk\u00e4stchens unten erteilen Sie Ihre Zustimmung zur Erfassung und Verarbeitung Ihrer pers\u00f6nlichen Daten gem\u00e4\u00df unseren Datenschutzrichtlinien.<\/div><\/fieldset><\/div><\/div><!-- .wpforms-field-container --><div class=\"wpforms-submit-container\" ><input type=\"hidden\" name=\"wpforms[id]\" value=\"6375\"><input type=\"hidden\" name=\"wpforms[author]\" value=\"1\"><button type=\"submit\" name=\"wpforms[submit]\" id=\"wpforms-submit-6375\" class=\"wpforms-submit\" data-alt-text=\"Wird gesendet ...\" data-submit-text=\"Absenden\" aria-live=\"assertive\" value=\"wpforms-submit\">Absenden<\/button><img loading=\"lazy\" decoding=\"async\" src=\"https:\/\/www.esperts.es\/wp-content\/plugins\/wpforms-lite\/assets\/images\/submit-spin.svg\" class=\"wpforms-submit-spinner\" style=\"display: none;\" width=\"26\" height=\"26\" alt=\"Loading\"><\/div><input type=\"hidden\" id=\"ct_checkjs_wpforms_ed3d2c21991e3bef5e069713af9fa6ca\" name=\"ct_checkjs_wpforms\" value=\"0\" \/><script>setTimeout(function(){var ct_input_name = \"ct_checkjs_wpforms_ed3d2c21991e3bef5e069713af9fa6ca\";if (document.getElementById(ct_input_name) !== null) {var ct_input_value = document.getElementById(ct_input_name).value;document.getElementById(ct_input_name).value = document.getElementById(ct_input_name).value.replace(ct_input_value, 'f09d28a902c2e2b40ad32d4397817df6d8d410e0dd58f131770a7f4996a2a0bc');}}, 1000);<\/script><input\n                    class=\"apbct_special_field apbct_email_id__wp_wpforms\"\n                    name=\"apbct__email_id__wp_wpforms\"\n                    aria-label=\"apbct__label_id__wp_wpforms\"\n                    type=\"text\" size=\"30\" maxlength=\"200\" autocomplete=\"off\"\n                    value=\"\"\n                \/><\/form><\/div>  <!-- .wpforms-container --><\/div><div class=\"bt_bb_separator bt_bb_border_style_none bt_bb_border_color_none bt_bb_bottom_spacing_medium\" data-bt-override-class=\"null\"><\/div><\/div><\/div><\/div><\/div><\/div><div class=\"bt_bb_row_wrapper\"><div  class=\"bt_bb_row\"  data-bt-override-class=\"{}\"><div  class=\"bt_bb_column col-xxl-12 col-xl-12 bt_bb_vertical_align_bottom bt_bb_align_center bt_bb_padding_normal bt_bb_animation_fade_in animate\"  data-width=\"12\" data-bt-override-class=\"{}\"><div class=\"bt_bb_column_content\"><div class=\"bt_bb_column_content_inner\"><div data-bb-version=\"4.5.6\" class=\"bt_bb_separator bt_bb_border_style_none bt_bb_border_color_none bt_bb_top_spacing_medium bt_bb_bottom_spacing_none\" data-bt-override-class=\"{&quot;bt_bb_top_spacing_&quot;:{&quot;current_class&quot;:&quot;bt_bb_top_spacing_medium&quot;,&quot;xxl&quot;:&quot;medium&quot;},&quot;bt_bb_bottom_spacing_&quot;:{&quot;current_class&quot;:&quot;bt_bb_bottom_spacing_none&quot;,&quot;xxl&quot;:&quot;none&quot;}}\"><\/div><header data-bb-version=\"4.5.6\" class=\"bt_bb_headline bt_bb_dash_none bt_bb_size_normal bt_bb_align_inherit\" style=\"max-width: 1100px;\" data-bt-override-class=\"{&quot;bt_bb_size_&quot;:{&quot;current_class&quot;:&quot;bt_bb_size_normal&quot;,&quot;xxl&quot;:&quot;normal&quot;},&quot;bt_bb_align_&quot;:{&quot;current_class&quot;:&quot;bt_bb_align_inherit&quot;,&quot;xxl&quot;:&quot;inherit&quot;}}\"><h2 class=\"bt_bb_headline_tag\"><span class=\"bt_bb_headline_content\"><span>Arbeiten Sie mit uns! Wir suchen leidenschaftliche und engagierte Mitarbeiter zur Verst\u00e4rkung unseres Teams<\/span><\/span><\/h2><\/header><div data-bb-version=\"4.5.6\" class=\"bt_bb_separator bt_bb_border_style_none bt_bb_border_color_none bt_bb_top_spacing_none bt_bb_bottom_spacing_extra_large\" data-bt-override-class=\"{&quot;bt_bb_top_spacing_&quot;:{&quot;current_class&quot;:&quot;bt_bb_top_spacing_none&quot;,&quot;xxl&quot;:&quot;none&quot;},&quot;bt_bb_bottom_spacing_&quot;:{&quot;current_class&quot;:&quot;bt_bb_bottom_spacing_extra_large&quot;,&quot;xxl&quot;:&quot;extra_large&quot;}}\"><\/div><div class=\"bt_bb_separator bt_bb_border_style_none bt_bb_border_color_none bt_bb_bottom_spacing_medium\" data-bt-override-class=\"null\"><\/div><\/div><\/div><\/div><\/div><\/div><\/div><!-- cell_inner --><\/div><!-- cell --><\/div><!-- port --><div class=\"bt_bb_section_bottom_section_coverage_image\"><img decoding=\"async\" src=\"https:\/\/www.esperts.es\/wp-content\/uploads\/2020\/08\/Wave_grey_bottom_left_shape_01.png\" alt=\"bt_bb_section_bottom_section_coverage_image\" \/><\/div><\/section>","protected":false},"excerpt":{"rendered":"","protected":false},"author":1,"featured_media":0,"parent":0,"menu_order":0,"comment_status":"closed","ping_status":"closed","template":"","meta":{"inline_featured_image":false,"footnotes":""},"_links":{"self":[{"href":"https:\/\/www.esperts.es\/de\/wp-json\/wp\/v2\/pages\/6428"}],"collection":[{"href":"https:\/\/www.esperts.es\/de\/wp-json\/wp\/v2\/pages"}],"about":[{"href":"https:\/\/www.esperts.es\/de\/wp-json\/wp\/v2\/types\/page"}],"author":[{"embeddable":true,"href":"https:\/\/www.esperts.es\/de\/wp-json\/wp\/v2\/users\/1"}],"replies":[{"embeddable":true,"href":"https:\/\/www.esperts.es\/de\/wp-json\/wp\/v2\/comments?post=6428"}],"version-history":[{"count":7,"href":"https:\/\/www.esperts.es\/de\/wp-json\/wp\/v2\/pages\/6428\/revisions"}],"predecessor-version":[{"id":8236,"href":"https:\/\/www.esperts.es\/de\/wp-json\/wp\/v2\/pages\/6428\/revisions\/8236"}],"wp:attachment":[{"href":"https:\/\/www.esperts.es\/de\/wp-json\/wp\/v2\/media?parent=6428"}],"curies":[{"name":"wp","href":"https:\/\/api.w.org\/{rel}","templated":true}]}}