{"id":5219,"date":"2023-06-08T04:57:25","date_gmt":"2023-06-08T04:57:25","guid":{"rendered":"https:\/\/www.esperts.es\/?page_id=5219"},"modified":"2023-09-12T05:55:08","modified_gmt":"2023-09-12T05:55:08","slug":"allgemeine-geschaeftsbedingungen","status":"publish","type":"page","link":"https:\/\/www.esperts.es\/de\/allgemeine-geschaeftsbedingungen\/","title":{"rendered":"Allgemeine Gesch\u00e4ftsbedingungen"},"content":{"rendered":"<section data-bb-version=\"4.5.6\" id=\"bt_bb_section69de96dc167f6\" class=\"bt_bb_section bt_bb_layout_boxed_1200 bt_bb_vertical_align_top bt_bb_top_spacing_none bt_bb_bottom_spacing_normal\"  data-bt-override-class=\"{&quot;bt_bb_top_spacing_&quot;:{&quot;current_class&quot;:&quot;bt_bb_top_spacing_none&quot;,&quot;xxl&quot;:&quot;none&quot;},&quot;bt_bb_bottom_spacing_&quot;:{&quot;current_class&quot;:&quot;bt_bb_bottom_spacing_normal&quot;,&quot;xxl&quot;:&quot;normal&quot;}}\"><div class=\"bt_bb_port\"><div class=\"bt_bb_cell\"><div class=\"bt_bb_cell_inner\"><div class=\"bt_bb_row_wrapper\"><div  class=\"bt_bb_row\"  data-bt-override-class=\"{}\"><div  class=\"bt_bb_column col-xxl-12 col-xl-12 col-xs-12 col-sm-12 col-md-12 col-lg-12 bt_bb_vertical_align_top bt_bb_align_left bt_bb_padding_normal\"  data-width=\"12\" data-bt-override-class=\"{}\"><div class=\"bt_bb_column_content\"><div class=\"bt_bb_column_content_inner\"><div class=\"bt_bb_separator bt_bb_border_style_none bt_bb_border_color_none bt_bb_top_spacing_large bt_bb_bottom_spacing_large\" data-bt-override-class=\"{&quot;bt_bb_top_spacing_&quot;:{&quot;current_class&quot;:&quot;bt_bb_top_spacing_large&quot;,&quot;xxl&quot;:&quot;large&quot;,&quot;xl&quot;:&quot;large&quot;},&quot;bt_bb_bottom_spacing_&quot;:{&quot;current_class&quot;:&quot;bt_bb_bottom_spacing_large&quot;,&quot;xxl&quot;:&quot;large&quot;,&quot;xl&quot;:&quot;large&quot;}}\"><\/div><header data-bb-version=\"4.5.6\" class=\"bt_bb_headline bt_bb_dash_none bt_bb_size_medium bt_bb_align_inherit\" data-bt-override-class=\"{&quot;bt_bb_size_&quot;:{&quot;current_class&quot;:&quot;bt_bb_size_medium&quot;,&quot;xxl&quot;:&quot;medium&quot;},&quot;bt_bb_align_&quot;:{&quot;current_class&quot;:&quot;bt_bb_align_inherit&quot;,&quot;xxl&quot;:&quot;inherit&quot;,&quot;xl&quot;:&quot;inherit&quot;,&quot;lg&quot;:&quot;inherit&quot;,&quot;md&quot;:&quot;inherit&quot;,&quot;sm&quot;:&quot;inherit&quot;,&quot;xs&quot;:&quot;inherit&quot;}}\"><h1 class=\"bt_bb_headline_tag\"><span class=\"bt_bb_headline_content\"><span>Allgemeine Gesch\u00e4ftsbedingungen (AGB`s)<\/span><\/span><\/h1><\/header><\/div><\/div><\/div><\/div><\/div><\/div><!-- cell_inner --><\/div><!-- cell --><\/div><!-- port --><\/section><section id=\"bt_bb_section69de96dc16f40\" class=\"bt_bb_section bt_bb_layout_boxed_1200\"  data-bt-override-class=\"null\"><div class=\"bt_bb_port\"><div class=\"bt_bb_cell\"><div class=\"bt_bb_cell_inner\"><div class=\"bt_bb_row_wrapper\"><div  class=\"bt_bb_row\"  data-bt-override-class=\"{}\"><div  class=\"bt_bb_column col-xxl-12 col-xl-12 col-xs-12 col-sm-12 col-md-12 col-lg-12 bt_bb_vertical_align_top bt_bb_align_left bt_bb_padding_normal\"  data-width=\"12\" data-bt-override-class=\"{}\"><div class=\"bt_bb_column_content\"><div class=\"bt_bb_column_content_inner\"><div  class=\"bt_bb_text\" ><p>Allgemeine Gesch\u00e4ftsbedingungen (AGB) f\u00fcr das Internetportal &#8220;esperst&#8221;<\/p>\n<p><strong>Geltungsbereich<\/strong><br \/>\nDie folgenden AGB regeln die Nutzung des Internetportals &#8220;esperts&#8221; sowie die Buchung von Terminen f\u00fcr Begleitservices bei offiziellen Terminen bei Beh\u00f6rden, Banken, Stromversorgern und \u00e4hnlichen Institutionen. Durch die Nutzung der Website und die Buchung eines Services erkl\u00e4rt der Nutzer sein Einverst\u00e4ndnis mit diesen AGB.<\/p>\n<p><strong>Leistungsbeschreibung<\/strong><br \/>\n&#8220;esperts&#8221; erm\u00f6glicht es dem Nutzer, \u00fcber die Website in der gew\u00fcnschten Stadt einen Mitarbeiter zu einem bestimmten Zeitpunkt zu buchen, der die Sprache des Nutzers spricht und ihn bei offiziellen Terminen vor Ort begleitet und unterst\u00fctzt. Die Preise f\u00fcr die jeweiligen Services werden auf der Website angezeigt und beinhalten die gesetzliche Mehrwertsteuer (IVA). Die Buchung erfolgt direkt \u00fcber die Website ohne Registrierung, jedoch werden pers\u00f6nliche Daten des Buchenden zur Verarbeitung des Auftrags ben\u00f6tigt. Im Rahmen des Auftrags werden die Daten gespeichert und an den jeweiligen Mitarbeiter weitergegeben. In einigen F\u00e4llen k\u00f6nnen die Daten auch an Beh\u00f6rden weitergeleitet werden, bei denen ein Termin von &#8220;esperts&#8221; organisiert wird. Weitere Informationen zum Datenschutz finden Sie in unserer Datenschutzerkl\u00e4rung, die Sie hier einsehen k\u00f6nnen.<\/p>\n<p><strong>Preise und Zahlungsbedingungen<\/strong><br \/>\nF\u00fcr die Buchung eines Termins beh\u00e4lt sich &#8220;esperts&#8221; vor, entweder den vollen Preis oder eine Anzahlung zu berechnen. Bei vollst\u00e4ndiger Bezahlung vor Ort beim Termin entfallen weitere Zahlungen. Bei einer Anzahlung ist der Restbetrag vor dem Termin direkt an den Mitarbeiter zu zahlen, der eine Quittung ausstellt. Wenn bei der Buchung keine Zahlung erfolgt, gilt dasselbe Verfahren. Im Falle einer Stornierung durch &#8220;esperts&#8221; aus Gr\u00fcnden, die von uns zu vertreten sind, wird der volle Betrag zur\u00fcckerstattet. Wenn der Nutzer einen Termin ohne ausreichende Entschuldigung oder Begr\u00fcndung nicht wahrnimmt, wird die Anzahlung sowie der Restbetrag f\u00e4llig. Falls ein Beh\u00f6rdentermin aufgrund von Vers\u00e4umnissen des Nutzers oder fehlenden Unterlagen erfolglos ist, erfolgt keine R\u00fcckerstattung des Geldes.<\/p>\n<p><strong>Rechtswahl und Gerichtsstand<\/strong><br \/>\nF\u00fcr s\u00e4mtliche Rechtsbeziehungen zwischen &#8220;esperts&#8221; und dem Nutzer gilt das spanische Recht. Erf\u00fcllungsort und ausschlie\u00dflicher Gerichtsstand ist der Sitz von &#8220;esperts&#8221;.<\/p>\n<p><strong>Salvatorische Klausel<\/strong><br \/>\nSollten einzelne Bestimmungen dieser AGB unwirksam sein oder werden, bleibt die Wirksamkeit der \u00fcbrigen Bestimmungen davon unber\u00fchrt. Anstelle der unwirksamen Bestimmung tritt eine rechtlich zul\u00e4ssige Regelung, die dem wirtschaftlichen Zweck der unwirksamen Bestimmung am n\u00e4chsten kommt.<\/p>\n<p><strong>\u00c4nderung der AGB<\/strong><br \/>\n&#8220;esperts&#8221; beh\u00e4lt sich das Recht vor, diese AGB jederzeit zu \u00e4ndern oder zu aktualisieren. Die ge\u00e4nderten AGB werden auf der Website ver\u00f6ffentlicht und treten zum Zeitpunkt der Ver\u00f6ffentlichung in Kraft.<\/p>\n<p><strong>Kontakt<\/strong><br \/>\nBei Fragen oder Anliegen bez\u00fcglich der AGB oder der Nutzung von &#8220;esperts&#8221; k\u00f6nnen Sie uns unter den angegebenen Kontaktdaten erreichen.<\/p>\n<p>valideron S.L.<br \/>\nE-Mail: info@esperts.es<br \/>\nTelefon: +34 652 527 033<\/p>\n<\/div><div data-bb-version=\"4.6.0\" class=\"bt_bb_separator bt_bb_border_style_none bt_bb_border_color_none bt_bb_top_spacing_none bt_bb_bottom_spacing_extra_large\" data-bt-override-class=\"{&quot;bt_bb_top_spacing_&quot;:{&quot;current_class&quot;:&quot;bt_bb_top_spacing_none&quot;,&quot;xxl&quot;:&quot;none&quot;},&quot;bt_bb_bottom_spacing_&quot;:{&quot;current_class&quot;:&quot;bt_bb_bottom_spacing_extra_large&quot;,&quot;xxl&quot;:&quot;extra_large&quot;}}\"><\/div><\/div><\/div><\/div><\/div><\/div><\/div><!-- cell_inner --><\/div><!-- cell --><\/div><!-- port --><\/section>","protected":false},"excerpt":{"rendered":"","protected":false},"author":1,"featured_media":0,"parent":0,"menu_order":0,"comment_status":"closed","ping_status":"closed","template":"","meta":{"inline_featured_image":false,"footnotes":""},"_links":{"self":[{"href":"https:\/\/www.esperts.es\/de\/wp-json\/wp\/v2\/pages\/5219"}],"collection":[{"href":"https:\/\/www.esperts.es\/de\/wp-json\/wp\/v2\/pages"}],"about":[{"href":"https:\/\/www.esperts.es\/de\/wp-json\/wp\/v2\/types\/page"}],"author":[{"embeddable":true,"href":"https:\/\/www.esperts.es\/de\/wp-json\/wp\/v2\/users\/1"}],"replies":[{"embeddable":true,"href":"https:\/\/www.esperts.es\/de\/wp-json\/wp\/v2\/comments?post=5219"}],"version-history":[{"count":5,"href":"https:\/\/www.esperts.es\/de\/wp-json\/wp\/v2\/pages\/5219\/revisions"}],"predecessor-version":[{"id":9468,"href":"https:\/\/www.esperts.es\/de\/wp-json\/wp\/v2\/pages\/5219\/revisions\/9468"}],"wp:attachment":[{"href":"https:\/\/www.esperts.es\/de\/wp-json\/wp\/v2\/media?parent=5219"}],"curies":[{"name":"wp","href":"https:\/\/api.w.org\/{rel}","templated":true}]}}